{"id":1365,"date":"2019-06-30T21:00:51","date_gmt":"2019-06-30T19:00:51","guid":{"rendered":"https:\/\/www.marekhorava.cz\/?page_id=1365"},"modified":"2025-05-20T07:28:14","modified_gmt":"2025-05-20T05:28:14","slug":"mam-zajem","status":"publish","type":"page","link":"https:\/\/www.marekhorava.cz\/cs\/mam-zajem\/","title":{"rendered":"M\u00e1m z\u00e1jem"},"content":{"rendered":"<p>[vc_row][vc_column][vc_column_text][\/vc_column_text][\/vc_column][\/vc_row][vc_row css=&#8221;.vc_custom_1518534479752{margin-top: 0px !important;margin-bottom: 0px !important;padding-top: 0px !important;padding-bottom: 20px !important;}&#8221;][vc_column width=&#8221;1\/4&#8243;][\/vc_column][vc_column width=&#8221;2\/4&#8243;][vc_column_text el_class=&#8221;spacing&#8221;]<\/p>\n<p style=\"text-align: center;\">Rezervace<\/p>\n<h2 style=\"text-align: center;\">Pro nez\u00e1vaznou nab\u00eddku pros\u00edm vypl\u0148te a ode\u0161lete formul\u00e1\u0159<\/h2>\n<p>[\/vc_column_text][\/vc_column][vc_column width=&#8221;1\/4&#8243;][\/vc_column][\/vc_row][vc_row css=&#8221;.vc_custom_1644059898142{margin-top: 0px !important;margin-bottom: 0px !important;}&#8221;][vc_column el_id=&#8221;popmake-1211&#8243;]<div class=\"ult-content-box-container mam-zajem-form\" >\t\t<div class=\"ult-content-box\" style=\"background-color:#ffffff;box-shadow: px px px px #f7f7f7 none;padding-top:30px;padding-right:30px;padding-bottom:0px;padding-left:30px;-webkit-transition: all 700ms ease;-moz-transition: all 700ms ease;-ms-transition: all 700ms ease;-o-transition: all 700ms ease;transition: all 700ms ease;\"  data-hover_bg_color=\"#ffffff\"  data-hover_box_shadow=\"none\"     data-bg=\"#ffffff\" >\n<div class=\"wpcf7 no-js\" id=\"wpcf7-f1209-o1\" lang=\"cs-CZ\" dir=\"ltr\">\n<div class=\"screen-reader-response\"><p role=\"status\" aria-live=\"polite\" aria-atomic=\"true\"><\/p> <ul><\/ul><\/div>\n<form action=\"\/cs\/wp-json\/wp\/v2\/pages\/1365#wpcf7-f1209-o1\" method=\"post\" class=\"wpcf7-form init\" aria-label=\"Contact form\" novalidate=\"novalidate\" data-status=\"init\">\n<div style=\"display: none;\">\n<input type=\"hidden\" name=\"_wpcf7\" value=\"1209\" \/>\n<input type=\"hidden\" name=\"_wpcf7_version\" value=\"5.8\" \/>\n<input type=\"hidden\" name=\"_wpcf7_locale\" value=\"cs_CZ\" \/>\n<input type=\"hidden\" name=\"_wpcf7_unit_tag\" value=\"wpcf7-f1209-o1\" \/>\n<input type=\"hidden\" name=\"_wpcf7_container_post\" value=\"0\" \/>\n<input type=\"hidden\" name=\"_wpcf7_posted_data_hash\" value=\"\" \/>\n<\/div>\n<div class=\"cstheme_contactform_type5\">\n\t<div class=\"row\">\n\t\t<div class=\"col-sm-6\">\n\t\t\t<h3>Jm\u00e9no a p\u0159\u00edjmen\u00ed svateb\u010dan\u016f:\n\t\t\t<\/h3>\n\t\t\t<p><span class=\"wpcf7-form-control-wrap\" data-name=\"meno2\"><input size=\"40\" class=\"wpcf7-form-control wpcf7-text wpcf7-validates-as-required\" aria-required=\"true\" aria-invalid=\"false\" value=\"\" type=\"text\" name=\"meno2\" \/><\/span>\n\t\t\t<\/p>\n\t\t<\/div>\n\t\t<div class=\"col-sm-6\">\n\t\t\t<h3>Telefon:\n\t\t\t<\/h3>\n\t\t\t<p><span class=\"wpcf7-form-control-wrap\" data-name=\"tel\"><input size=\"40\" class=\"wpcf7-form-control wpcf7-text wpcf7-validates-as-required\" aria-required=\"true\" aria-invalid=\"false\" value=\"\" type=\"text\" name=\"tel\" \/><\/span>\n\t\t\t<\/p>\n\t\t<\/div>\n\t<\/div>\n\t<div class=\"row info\">\n\t\t<div class=\"col-sm-4\">\n\t\t\t<h3>Term\u00edn svatby:\n\t\t\t<\/h3>\n\t\t\t<p><span class=\"wpcf7-form-control-wrap\" data-name=\"datum\"><input size=\"40\" class=\"wpcf7-form-control wpcf7-text wpcf7-validates-as-required vyber-datum\" readonly=\"readonly\" aria-required=\"true\" aria-invalid=\"false\" value=\"\" type=\"text\" name=\"datum\" \/><\/span>\n\t\t\t<\/p>\n\t\t<\/div>\n\t\t<div class=\"col-sm-4\">\n\t\t\t<h3>M\u00edsto svatby:\n\t\t\t<\/h3>\n\t\t\t<p><span class=\"wpcf7-form-control-wrap\" data-name=\"misto\"><input size=\"40\" class=\"wpcf7-form-control wpcf7-text wpcf7-validates-as-required\" aria-required=\"true\" aria-invalid=\"false\" value=\"\" type=\"text\" name=\"misto\" \/><\/span>\n\t\t\t<\/p>\n\t\t<\/div>\n\t\t<div class=\"col-sm-4\">\n\t\t\t<h3>E-mail:\n\t\t\t<\/h3>\n\t\t\t<p><span class=\"wpcf7-form-control-wrap\" data-name=\"email\"><input size=\"40\" class=\"wpcf7-form-control wpcf7-email wpcf7-validates-as-required wpcf7-text wpcf7-validates-as-email\" aria-required=\"true\" aria-invalid=\"false\" value=\"\" type=\"email\" name=\"email\" \/><\/span>\n\t\t\t<\/p>\n\t\t<\/div>\n\t\t<div class=\"col-sm-6\">\n\t\t\t<h3>Fotograf (jm\u00e9no nebo odkaz na jeho prezentaci):\n\t\t\t<\/h3>\n\t\t\t<p><span class=\"wpcf7-form-control-wrap\" data-name=\"fotograf\"><input size=\"40\" class=\"wpcf7-form-control wpcf7-text wpcf7-validates-as-required\" aria-required=\"true\" aria-invalid=\"false\" value=\"\" type=\"text\" name=\"fotograf\" \/><\/span>\n\t\t\t<\/p>\n\t\t<\/div>\n\t\t<div class=\"col-sm-6\">\n\t\t\t<h3>Pl\u00e1novan\u00fd po\u010det host\u016f:\n\t\t\t<\/h3>\n\t\t\t<p><span class=\"wpcf7-form-control-wrap\" data-name=\"hosti\"><input size=\"40\" class=\"wpcf7-form-control wpcf7-text wpcf7-validates-as-required\" aria-required=\"true\" aria-invalid=\"false\" value=\"\" type=\"text\" name=\"hosti\" \/><\/span>\n\t\t\t<\/p>\n\t\t<\/div>\n\t<\/div>\n\t<div class=\"row\">\n\t\t<div class=\"col-sm-6\">\n\t\t\t<h3>Rozpo\u010det na nat\u00e1\u010den\u00ed Va\u0161\u00ed svatby:\n\t\t\t<\/h3>\n\t\t\t<p><span class=\"wpcf7-form-control-wrap\" data-name=\"rozpocet\"><input size=\"40\" class=\"wpcf7-form-control wpcf7-text wpcf7-validates-as-required\" aria-required=\"true\" aria-invalid=\"false\" value=\"\" type=\"text\" name=\"rozpocet\" \/><\/span>\n\t\t\t<\/p>\n\t\t<\/div>\n\t\t<div class=\"col-sm-6\">\n\t\t\t<h3>Jak jste se o m\u011b dozv\u011bd\u011bli:\n\t\t\t<\/h3>\n\t\t\t<p><span class=\"wpcf7-form-control-wrap\" data-name=\"menu-833\"><select class=\"wpcf7-form-control wpcf7-select wpcf7-validates-as-required\" aria-required=\"true\" aria-invalid=\"false\" name=\"menu-833\"><option value=\"\">Vyberte ze seznamu<\/option><option value=\"google\">google<\/option><option value=\"seznam\">seznam<\/option><option value=\"p\u0159\u00e1tel\u00e9\">p\u0159\u00e1tel\u00e9<\/option><option value=\"facebook\">facebook<\/option><option value=\"instagram\">instagram<\/option><option value=\"svatebn\u00ed agentura\">svatebn\u00ed agentura<\/option><option value=\"jin\u00e9\">jin\u00e9<\/option><\/select><\/span>\n\t\t\t<\/p>\n\t\t<\/div>\n\t\t<div class=\"col-sm-12\">\n\t\t\t<h3>Informace o va\u0161\u00ed svatb\u011b<small style=\" margin-top: 0; display: block; line-height: normal;\">(R\u00e1d bych se dozv\u011bd\u011bl v\u00edce o Va\u0161\u00ed svatb\u011b. Jak bude vypadat a jak\u00e1 je Va\u0161e vize?)<\/small>\n\t\t\t<\/h3>\n\t\t\t<p><span class=\"wpcf7-form-control-wrap\" data-name=\"winfo\"><input size=\"40\" class=\"wpcf7-form-control wpcf7-text\" aria-invalid=\"false\" value=\"\" type=\"text\" name=\"winfo\" \/><\/span>\n\t\t\t<\/p>\n\t\t<\/div>\n\t<\/div>\n\t<div class=\"row\">\n\t\t<div class=\"col-sm-12\">\n\t\t\t<p><span class=\"wpcf7-form-control-wrap\" data-name=\"acceptance-793\"><span class=\"wpcf7-form-control wpcf7-acceptance\"><span class=\"wpcf7-list-item\"><label><input type=\"checkbox\" name=\"acceptance-793\" value=\"1\" class=\"suhlas-form\" aria-invalid=\"false\" \/><span class=\"wpcf7-list-item-label\">Souhlas\u00edm se zpracov\u00e1n\u00ed osobn\u00edch \u00fadaj\u016f<\/span><\/label><\/span><\/span><\/span>\n\t\t\t<\/p>\n\t\t<\/div>\n\t<\/div>\n<div class=\"wpcf7-response-output\" aria-hidden=\"true\"><\/div>\n\t<div class=\"row\">\n\t\t<div class=\"col-sm-12 center\">\n\t\t\t<p><input class=\"wpcf7-form-control wpcf7-submit has-spinner\" type=\"submit\" value=\"Odeslat popt\u00e1vku\" \/>\n\t\t\t<\/p>\n\t\t<\/div>\n\t<\/div>\n<\/div>\n<p><script>\n jQuery(function($) {\nvar dateToday = new Date(); \n$(function() {\n $( \".vyber-datum\" ).datepicker({\n minDate: dateToday,\ncloseText: \"Zav\u0159\u00edt\",\n\tprevText: \"&#x3C;D\u0159\u00edve\",\n\tnextText: \"Pozd\u011bji&#x3E;\",\n\tcurrentText: \"Nyn\u00ed\",\n\tmonthNames: [ \"Leden\", \"\u00danor\", \"B\u0159ezen\", \"Duben\", \"Kv\u011bten\", \"\u010cerven\",\n\t\"\u010cervenec\", \"Srpen\", \"Z\u00e1\u0159\u00ed\", \"\u0158\u00edjen\", \"Listopad\", \"Prosinec\" ],\n\tmonthNamesShort: [ \"Led\", \"\u00dano\", \"B\u0159e\", \"Dub\", \"Kv\u011b\", \"\u010cer\",\n\t\"\u010cvc\", \"Srp\", \"Z\u00e1\u0159\", \"\u0158\u00edj\", \"Lis\", \"Pro\" ],\n\tdayNames: [ \"Ned\u011ble\", \"Pond\u011bl\u00ed\", \"\u00dater\u00fd\", \"St\u0159eda\", \"\u010ctvrtek\", \"P\u00e1tek\", \"Sobota\" ],\n\tdayNamesShort: [ \"ne\", \"po\", \"\u00fat\", \"st\", \"\u010dt\", \"p\u00e1\", \"so\" ],\n\tdayNamesMin: [ \"ne\", \"po\", \"\u00fat\", \"st\", \"\u010dt\", \"p\u00e1\", \"so\" ],\n\tweekHeader: \"T\u00fdd\",\n\tdateFormat: \"dd.mm.yy\"\n });\n});\n \n \n$('.tooltip-r').tooltip(); \n \n});\n <\/script>\n<\/p><p style=\"display: none !important;\" class=\"akismet-fields-container\" data-prefix=\"_wpcf7_ak_\"><label>&#916;<textarea name=\"_wpcf7_ak_hp_textarea\" cols=\"45\" rows=\"8\" maxlength=\"100\"><\/textarea><\/label><input type=\"hidden\" id=\"ak_js_1\" name=\"_wpcf7_ak_js\" value=\"161\"\/><script>document.getElementById( \"ak_js_1\" ).setAttribute( \"value\", ( new Date() ).getTime() );<\/script><\/p><input type='hidden' class='wpcf7-pum' value='{\"closepopup\":false,\"closedelay\":0,\"openpopup\":false,\"openpopup_id\":0}' \/>\n<\/form>\n<\/div>\n\t\t<\/div><\/div>[\/vc_column][\/vc_row][vc_row css=&#8221;.vc_custom_1599301478558{margin-top: 0px !important;margin-bottom: 0px !important;padding-top: 10px !important;padding-bottom: 20px !important;}&#8221;][vc_column width=&#8221;1\/3&#8243;][\/vc_column][vc_column width=&#8221;1\/3&#8243; css=&#8221;.vc_custom_1644059925622{margin-top: 15px !important;}&#8221;][vc_column_text el_class=&#8221;spacing&#8221;]<\/p>\n<p style=\"text-align: center;\">E-mail<\/p>\n<h5 style=\"text-align: center;\">booking@marekhorava.cz<\/h5>\n<p>[\/vc_column_text][\/vc_column][vc_column width=&#8221;1\/3&#8243;][\/vc_column][\/vc_row][vc_row][vc_column][vc_column_text]<\/p>\n<p>[\/vc_column_text][\/vc_column][\/vc_row]<\/p>","protected":false},"excerpt":{"rendered":"<p>[vc_row][vc_column][vc_column_text][\/vc_column_text][\/vc_column][\/vc_row][vc_row css=&#8221;.vc_custom_1518534479752{margin-top: 0px !important;margin-bottom: 0px !important;padding-top: 0px !important;padding-bottom: 20px !important;}&#8221;][vc_column width=&#8221;1\/4&#8243;][\/vc_column][vc_column width=&#8221;2\/4&#8243;][vc_column_text el_class=&#8221;spacing&#8221;] Rezervace Pro nez\u00e1vaznou nab\u00eddku pros\u00edm vypl\u0148te a ode\u0161lete formul\u00e1\u0159 [\/vc_column_text][\/vc_column][vc_column width=&#8221;1\/4&#8243;][\/vc_column][\/vc_row][vc_row css=&#8221;.vc_custom_1644059898142{margin-top: 0px !important;margin-bottom: 0px !important;}&#8221;][vc_column el_id=&#8221;popmake-1211&#8243;][\/vc_column][\/vc_row][vc_row css=&#8221;.vc_custom_1599301478558{margin-top: 0px !important;margin-bottom: 0px !important;padding-top: 10px !important;padding-bottom: 20px !important;}&#8221;][vc_column width=&#8221;1\/3&#8243;][\/vc_column][vc_column width=&#8221;1\/3&#8243; css=&#8221;.vc_custom_1644059925622{margin-top: 15px !important;}&#8221;][vc_column_text el_class=&#8221;spacing&#8221;] E-mail booking@marekhorava.cz [\/vc_column_text][\/vc_column][vc_column width=&#8221;1\/3&#8243;][\/vc_column][\/vc_row][vc_row][vc_column][vc_column_text] [\/vc_column_text][\/vc_column][\/vc_row]<\/p>\n","protected":false},"author":2,"featured_media":0,"parent":0,"menu_order":0,"comment_status":"closed","ping_status":"closed","template":"","meta":[],"aioseo_notices":[],"_links":{"self":[{"href":"https:\/\/www.marekhorava.cz\/cs\/wp-json\/wp\/v2\/pages\/1365"}],"collection":[{"href":"https:\/\/www.marekhorava.cz\/cs\/wp-json\/wp\/v2\/pages"}],"about":[{"href":"https:\/\/www.marekhorava.cz\/cs\/wp-json\/wp\/v2\/types\/page"}],"author":[{"embeddable":true,"href":"https:\/\/www.marekhorava.cz\/cs\/wp-json\/wp\/v2\/users\/2"}],"replies":[{"embeddable":true,"href":"https:\/\/www.marekhorava.cz\/cs\/wp-json\/wp\/v2\/comments?post=1365"}],"version-history":[{"count":59,"href":"https:\/\/www.marekhorava.cz\/cs\/wp-json\/wp\/v2\/pages\/1365\/revisions"}],"predecessor-version":[{"id":7436,"href":"https:\/\/www.marekhorava.cz\/cs\/wp-json\/wp\/v2\/pages\/1365\/revisions\/7436"}],"wp:attachment":[{"href":"https:\/\/www.marekhorava.cz\/cs\/wp-json\/wp\/v2\/media?parent=1365"}],"curies":[{"name":"wp","href":"https:\/\/api.w.org\/{rel}","templated":true}]}}