{"id":1981,"date":"2019-12-05T09:05:21","date_gmt":"2019-12-05T08:05:21","guid":{"rendered":"https:\/\/www.marekhorava.cz\/?page_id=1981"},"modified":"2025-05-20T07:28:52","modified_gmt":"2025-05-20T05:28:52","slug":"reference","status":"publish","type":"page","link":"https:\/\/www.marekhorava.cz\/cs\/reference\/","title":{"rendered":"Reference"},"content":{"rendered":"<p>[vc_row gap=&#8221;35&#8243; equal_height=&#8221;yes&#8221;][vc_column width=&#8221;2\/3&#8243;][vc_row_inner el_class=&#8221;referencia&#8221;][vc_column_inner width=&#8221;1\/4&#8243;][vc_single_image image=&#8221;7467&#8243; img_size=&#8221;medium&#8221;][\/vc_column_inner][vc_column_inner width=&#8221;3\/4&#8243;][vc_column_text el_class=&#8221;spacing&#8221;]Michaela Lyons<\/p>\n<h2>MAREK AND HIS WONDERFUL TEAM MADE OUR WEDDING IN FRANCE.<\/h2>\n<p>[\/vc_column_text][vc_column_text]Marek and his wonderful team made our wedding in Bordeaux, France, truly unforgettable. From the moment we connected, their kindness, professionalism, and genuine passion for storytelling stood out. Marek&#8217;s calm and caring presence made us feel so comfortable throughout the weekend, allowing us to simply enjoy the moment while he worked his magic behind the scenes.[\/vc_column_text][vc_column_text el_class=&#8221;podpis&#8221;]MichaelaLyons[\/vc_column_text][\/vc_column_inner][\/vc_row_inner][vc_row_inner el_class=&#8221;referencia&#8221;][vc_column_inner width=&#8221;1\/4&#8243;][vc_single_image image=&#8221;5884&#8243; img_size=&#8221;medium&#8221;][\/vc_column_inner][vc_column_inner width=&#8221;3\/4&#8243;][vc_column_text el_class=&#8221;spacing&#8221;]Bohu\u0161 Matu\u0161<\/p>\n<h2>VA\u0160E SCHOPNOST P\u0158EN\u00c9ST DO FILMU NA\u0160I L\u00c1SKU A RADOST JE PROST\u011a NEUV\u011a\u0158ITELN\u00c1.<\/h2>\n<p>[\/vc_column_text][vc_column_text]Nejsme schopni vystihnout slovy, jak jsme vd\u011b\u010dn\u00ed za \u00fa\u017easn\u00e9 svatebn\u00ed video, kter\u00e9 jste pro n\u00e1s nato\u010dili. Va\u0161e preciznost a schopnost p\u0159en\u00e9st na\u0161i l\u00e1sku a radost je prost\u011b ohromuj\u00edc\u00ed. P\u0159i ka\u017ed\u00e9m p\u0159ehr\u00e1n\u00ed filmu se okam\u017eit\u011b vr\u00e1t\u00edme zp\u011bt k tomu magick\u00e9mu dni a znovu pro\u017e\u00edv\u00e1me v\u0161echny ty emoce. D\u011bkujeme v\u00e1m za to, \u017ee jste zachytili na\u0161e nejcenn\u011bj\u0161\u00ed vzpom\u00ednky tak n\u00e1dhern\u00fdm a dojemn\u00fdm zp\u016fsobem. Jste opravdu mist\u0159i sv\u00e9ho \u0159emesla.[\/vc_column_text][vc_column_text el_class=&#8221;podpis&#8221;]Bohu\u0161Matu\u0161[\/vc_column_text][\/vc_column_inner][\/vc_row_inner][vc_row_inner el_class=&#8221;referencia&#8221;][vc_column_inner width=&#8221;1\/4&#8243;][vc_single_image image=&#8221;6623&#8243; img_size=&#8221;medium&#8221;][\/vc_column_inner][vc_column_inner width=&#8221;3\/4&#8243;][vc_column_text el_class=&#8221;spacing&#8221;]Kate\u0159ina \u0160m\u00eddov\u00e1<\/p>\n<h2>JE MIMO\u0158\u00c1DN\u011a TALENTOVAN\u00dd, DOK\u00c1\u017dE ZACHYTIT HLOUBKU T\u011aCH NEJKR\u00c1SN\u011aJ\u0160\u00cdCH MOMENT\u016e.<\/h2>\n<p>[\/vc_column_text][vc_column_text]Jako svatebn\u00ed koordin\u00e1torka vyu\u017e\u00edv\u00e1m slu\u017eby videograf\u016f velmi \u010dasto. S Markem jsem m\u011bla mo\u017enost spolupracovat a ur\u010dit\u011b to nebylo naposledy. Je mimo\u0159\u00e1dn\u011b talentovan\u00fd, dok\u00e1\u017ee zachytit hloubku t\u011bch nejkr\u00e1sn\u011bj\u0161\u00edch moment\u016f, ani\u017e by je jakkoli naru\u0161il.<\/p>\n<p>B\u011bhem svatebn\u00edho dne je Marek profesion\u00e1ln\u00ed. M\u00e1 schopnost se nenucen\u011b pohybovat mezi hosty. Je ale tak\u00e9 velmi vn\u00edmav\u00fd k pot\u0159eb\u00e1m svatebn\u00edho p\u00e1ru.<\/p>\n<p>To, jak dok\u00e1\u017ee vypr\u00e1v\u011bt cel\u00fd svatebn\u00ed p\u0159\u00edb\u011bh prost\u0159ednictv\u00edm videa, je opravdu jedine\u010dn\u00e9![\/vc_column_text][vc_column_text el_class=&#8221;podpis&#8221;]Kate\u0159ina\u0160m\u00eddova[\/vc_column_text][\/vc_column_inner][\/vc_row_inner][vc_row_inner el_class=&#8221;referencia&#8221;][vc_column_inner width=&#8221;1\/4&#8243;][vc_single_image image=&#8221;5605&#8243; img_size=&#8221;medium&#8221;][\/vc_column_inner][vc_column_inner width=&#8221;3\/4&#8243;][vc_column_text el_class=&#8221;spacing&#8221;]Catherine Rakkar<\/p>\n<h2>DONOVAN AND I WERE SAYING LAST NIGHT HOW AMAZING IT WAS TO WORK WITH YOU AND TOMAS DURING OUR WEDDING WEEK.<\/h2>\n<p>[\/vc_column_text][vc_column_text]You really went above and beyond our expectations and the quality of your work is truly amazing. Additionally, Donovan and I both felt so relaxed and comfortable when we were being filmed. I cannot say enough good things about you both![\/vc_column_text][vc_column_text el_class=&#8221;podpis&#8221;]CatherineRakkar[\/vc_column_text][\/vc_column_inner][\/vc_row_inner][vc_row_inner el_class=&#8221;referencia&#8221;][vc_column_inner width=&#8221;1\/4&#8243;][vc_single_image image=&#8221;3037&#8243; img_size=&#8221;medium&#8221;][\/vc_column_inner][vc_column_inner width=&#8221;3\/4&#8243;][vc_column_text el_class=&#8221;spacing&#8221;]Lucie Ne\u010dasov\u00e1<\/p>\n<h2>JEN T\u011a\u017dKO SE D\u00c1 VYJ\u00c1D\u0158IT, JAK \u00da\u017dASNOU VZPOM\u00cdNKU NA N\u00c1\u0160 SVATEBN\u00cd DEN MAREK VYTVO\u0158IL<\/h2>\n<p>[\/vc_column_text][vc_column_text]Je to absolutn\u00ed profesion\u00e1l, kter\u00fd nepodcen\u00ed ani ten nejmen\u0161\u00ed detail. V\u0161e m\u00e1 promy\u0161len\u00e9, cel\u00e9 nat\u00e1\u010den\u00ed prob\u00edh\u00e1 p\u0159irozen\u011b a nenucen\u011b. Skv\u011bl\u00e1 volba z\u00e1b\u011br\u016f, obrovsk\u00fd cit pro fin\u00e1ln\u00ed zpracov\u00e1n\u00ed, a hlavn\u011b ochota a neuv\u011b\u0159iteln\u00e1 vst\u0159\u00edcnost, takov\u00fd je Marek.[\/vc_column_text][vc_column_text el_class=&#8221;podpis&#8221;]LucieNe\u010dasov\u00e1[\/vc_column_text][\/vc_column_inner][\/vc_row_inner][vc_row_inner el_class=&#8221;referencia&#8221;][vc_column_inner width=&#8221;1\/4&#8243;][vc_single_image image=&#8221;2641&#8243; img_size=&#8221;medium&#8221;][\/vc_column_inner][vc_column_inner width=&#8221;3\/4&#8243;][vc_column_text el_class=&#8221;spacing&#8221;]LIBOR \u0160ULA<\/p>\n<h2>IT WAS JUST AMAZIN EXPERIENCE!<\/h2>\n<p>[\/vc_column_text][vc_column_text]You are truly so highly professional and so kinde and humble! The resul of your work did exactly touch the people the way we want it! Thank you![\/vc_column_text][vc_column_text el_class=&#8221;podpis&#8221;]Libor\u0160ula[\/vc_column_text][\/vc_column_inner][\/vc_row_inner][vc_row_inner el_class=&#8221;referencia&#8221;][vc_column_inner width=&#8221;1\/4&#8243;][vc_single_image image=&#8221;3479&#8243; img_size=&#8221;medium&#8221;][\/vc_column_inner][vc_column_inner width=&#8221;3\/4&#8243;][vc_column_text el_class=&#8221;spacing&#8221;]Rebecca Montanari<\/p>\n<h2>MAREK\u2019S WORK IS BEYOND INCREDIBLE!<\/h2>\n<p>[\/vc_column_text][vc_column_text]The attention to detail and the patience that he has while working is evident. He filmed an engagement shoot for my husband and I when we first decided to choose marek to be our videographer![\/vc_column_text][vc_column_text el_class=&#8221;podpis&#8221;]RebeccaMontanari[\/vc_column_text][\/vc_column_inner][\/vc_row_inner][vc_row_inner el_class=&#8221;referencia&#8221;][vc_column_inner width=&#8221;1\/4&#8243;][vc_single_image image=&#8221;2626&#8243; img_size=&#8221;medium&#8221;][\/vc_column_inner][vc_column_inner width=&#8221;3\/4&#8243;][vc_column_text el_class=&#8221;spacing&#8221;]Kimberly<\/p>\n<h2>MAREK EXECUTED THIS FLAWLESSLY<\/h2>\n<p>[\/vc_column_text][vc_column_text]His vision, creativity, and passion for what he does are just a few of the things that contribute to his talent and success, and every bit of his work shows for it.[\/vc_column_text][vc_column_text el_class=&#8221;podpis&#8221;]Kimberly[\/vc_column_text][\/vc_column_inner][\/vc_row_inner][vc_row_inner el_class=&#8221;referencia&#8221;][vc_column_inner width=&#8221;1\/4&#8243;][vc_single_image image=&#8221;3481&#8243; img_size=&#8221;medium&#8221;][\/vc_column_inner][vc_column_inner width=&#8221;3\/4&#8243;][vc_column_text el_class=&#8221;spacing&#8221;]Darja Sterba<\/p>\n<h2>MAREK WAS SO PROFESSIONAL AND NICE!<\/h2>\n<p>[\/vc_column_text][vc_column_text]He made us feel so comfortable and directed us effortlessly! He showed us a couple shots during the wedding and we were absolutely blown away! I don&#8217;t know how any person can have that much talent.[\/vc_column_text][vc_column_text el_class=&#8221;podpis&#8221;]DarjaSterba[\/vc_column_text][\/vc_column_inner][\/vc_row_inner][\/vc_column][vc_column width=&#8221;1\/3&#8243; el_class=&#8221;mh-box-stick&#8221;][vc_row_inner css=&#8221;.vc_custom_1644065391663{background-image: url(https:\/\/www.marekhorava.cz\/wp-content\/uploads\/2022\/02\/mark.jpg?id=5012) !important;}&#8221; el_class=&#8221;mh-box-foto&#8221; el_id=&#8221;mh-box-foto&#8221;][vc_column_inner][vc_column_text el_class=&#8221;motto&#8221;]<span style=\"color: #ffffff;\">When I film,<br \/>\nI give everything I feel.<\/span>[\/vc_column_text][vc_column_text el_class=&#8221;podpis-xs&#8221;]<span style=\"color: #ffffff;\">MarekHo\u0159ava<\/span>[\/vc_column_text][\/vc_column_inner][\/vc_row_inner][\/vc_column][\/vc_row][vc_row css=&#8221;.vc_custom_1598464235515{margin-top: 20px !important;}&#8221;][vc_column][vc_btn title=&#8221;Zobrazit v\u00edce referenc\u00ed&#8221; style=&#8221;outline&#8221; shape=&#8221;square&#8221; color=&#8221;black&#8221; align=&#8221;center&#8221; link=&#8221;url:https%3A%2F%2Fg.co%2Fkgs%2F4eekrBn||target:%20_blank|&#8221;][\/vc_column][\/vc_row]<\/p>","protected":false},"excerpt":{"rendered":"<p>[vc_row gap=&#8221;35&#8243; equal_height=&#8221;yes&#8221;][vc_column width=&#8221;2\/3&#8243;][vc_row_inner el_class=&#8221;referencia&#8221;][vc_column_inner width=&#8221;1\/4&#8243;][vc_single_image image=&#8221;7467&#8243; img_size=&#8221;medium&#8221;][\/vc_column_inner][vc_column_inner width=&#8221;3\/4&#8243;][vc_column_text el_class=&#8221;spacing&#8221;]Michaela Lyons MAREK AND HIS WONDERFUL TEAM MADE OUR WEDDING IN FRANCE. [\/vc_column_text][vc_column_text]Marek and his wonderful team made our wedding in Bordeaux, France, truly unforgettable. From the moment we connected, their kindness, professionalism, and genuine passion for storytelling stood out. Marek&#8217;s calm and caring presence made [&hellip;]<\/p>\n","protected":false},"author":2,"featured_media":0,"parent":0,"menu_order":0,"comment_status":"closed","ping_status":"closed","template":"","meta":[],"aioseo_notices":[],"_links":{"self":[{"href":"https:\/\/www.marekhorava.cz\/cs\/wp-json\/wp\/v2\/pages\/1981"}],"collection":[{"href":"https:\/\/www.marekhorava.cz\/cs\/wp-json\/wp\/v2\/pages"}],"about":[{"href":"https:\/\/www.marekhorava.cz\/cs\/wp-json\/wp\/v2\/types\/page"}],"author":[{"embeddable":true,"href":"https:\/\/www.marekhorava.cz\/cs\/wp-json\/wp\/v2\/users\/2"}],"replies":[{"embeddable":true,"href":"https:\/\/www.marekhorava.cz\/cs\/wp-json\/wp\/v2\/comments?post=1981"}],"version-history":[{"count":98,"href":"https:\/\/www.marekhorava.cz\/cs\/wp-json\/wp\/v2\/pages\/1981\/revisions"}],"predecessor-version":[{"id":7557,"href":"https:\/\/www.marekhorava.cz\/cs\/wp-json\/wp\/v2\/pages\/1981\/revisions\/7557"}],"wp:attachment":[{"href":"https:\/\/www.marekhorava.cz\/cs\/wp-json\/wp\/v2\/media?parent=1981"}],"curies":[{"name":"wp","href":"https:\/\/api.w.org\/{rel}","templated":true}]}}