{"id":1995,"date":"2019-12-05T09:34:26","date_gmt":"2019-12-05T08:34:26","guid":{"rendered":"https:\/\/www.marekhorava.cz\/?page_id=1995"},"modified":"2026-03-17T23:50:28","modified_gmt":"2026-03-17T22:50:28","slug":"svatebni-kameraman-marek-horava","status":"publish","type":"page","link":"https:\/\/www.marekhorava.cz\/cs\/svatebni-kameraman-marek-horava\/","title":{"rendered":"Svatebn\u00ed kameraman Praha"},"content":{"rendered":"<p>[vc_row gap=&#8221;35&#8243; equal_height=&#8221;yes&#8221; content_placement=&#8221;middle&#8221; css=&#8221;.vc_custom_1643874512191{margin-bottom: 0px !important;}&#8221;][vc_column width=&#8221;1\/2&#8243;][vc_single_image image=&#8221;7865&#8243; img_size=&#8221;large&#8221; alignment=&#8221;center&#8221;][\/vc_column][vc_column width=&#8221;1\/2&#8243; el_class=&#8221;proc-me&#8221;][vc_column_text el_class=&#8221;spacing&#8221;]MAREK HO\u0158AVA<\/p>\n<h2>JEDEN DEN.<br \/>\nFILM NA CEL\u00dd \u017dIVOT.<\/h2>\n<p>[\/vc_column_text][vc_column_text]V\u011b\u0159\u00edm, \u017ee skute\u010dn\u011b v\u00fdjime\u010dn\u00fd svatebn\u00ed film nevznik\u00e1 z dokonal\u00e9ho sc\u00e9n\u00e1\u0159e, ale z p\u0159irozen\u00fdch a nepl\u00e1novan\u00fdch moment\u016f. Vytvo\u0159\u00edm V\u00e1m film, kter\u00fd bude m\u00edt hodnotu i po des\u00edtk\u00e1ch let. Film, kter\u00fd si pust\u00edte i po 20 letech a znovu uc\u00edt\u00edte stejn\u00e9 emoce.<\/p>\n<p>Za deset let s kamerou jsem m\u011bl \u010dest b\u00fdt sv\u011bdkem l\u00e1sky nap\u0159\u00ed\u010d sv\u011btem. Od sluncem zalit\u00fdch vil v It\u00e1lii po v\u00fd\u0161ky nebes New Yorku. M\u011bl jsem tu \u010dest nat\u00e1\u010det svatby ve\u0159ejn\u011b zn\u00e1m\u00fdch osobnost\u00ed i p\u00e1r\u016f, jejich\u017e p\u0159\u00edb\u011bhy se odehr\u00e1vaj\u00ed na m\u00edstech, kde \u0161ampa\u0148sk\u00e9 proud\u00ed proudem stejn\u011b jako jejich l\u00e1ska.<\/p>\n<p>M\u00e9 filmy z\u00edskaly sv\u011btov\u00e1 a evropsk\u00e1 ocen\u011bn\u00ed.<\/p>\n<p><img decoding=\"async\" loading=\"lazy\" class=\"alignnone wp-image-7785\" src=\"https:\/\/www.marekhorava.cz\/wp-content\/uploads\/2026\/03\/loga.png\" alt=\"\" width=\"590\" height=\"118\" srcset=\"https:\/\/www.marekhorava.cz\/wp-content\/uploads\/2026\/03\/loga.png 2046w, https:\/\/www.marekhorava.cz\/wp-content\/uploads\/2026\/03\/loga-300x60.png 300w, https:\/\/www.marekhorava.cz\/wp-content\/uploads\/2026\/03\/loga-1024x204.png 1024w, https:\/\/www.marekhorava.cz\/wp-content\/uploads\/2026\/03\/loga-768x153.png 768w, https:\/\/www.marekhorava.cz\/wp-content\/uploads\/2026\/03\/loga-1536x306.png 1536w\" sizes=\"(max-width: 590px) 100vw, 590px\" \/>[\/vc_column_text][vc_column_text el_class=&#8221;podpis&#8221;]MarekHo\u0159ava[\/vc_column_text][\/vc_column][\/vc_row][vc_row full_width=&#8221;stretch_row_content_no_spaces&#8221; enable_overlay=&#8221;enable_overlay_value&#8221; overlay_color=&#8221;#222222&#8243; css=&#8221;.vc_custom_1643988721383{margin-top: 45px !important;}&#8221;][vc_column css=&#8221;.vc_custom_1643988884460{padding-top: 0px !important;padding-bottom: 0px !important;background-color: #222222 !important;background-position: center !important;background-repeat: no-repeat !important;background-size: cover !important;}&#8221;]\n<div id=\"rev_slider_28_1_wrapper\" class=\"rev_slider_wrapper fullwidthbanner-container\" data-source=\"gallery\" style=\"margin:0px auto;background:#222222;padding:0px;margin-top:130px;margin-bottom:0px;\">\n<!-- START REVOLUTION SLIDER 5.4.6.4 fullwidth mode -->\n\t<div id=\"rev_slider_28_1\" class=\"rev_slider fullwidthabanner\" style=\"display:none;\" data-version=\"5.4.6.4\">\n<ul>\t<!-- SLIDE  -->\n\t<li data-index=\"rs-50\" data-transition=\"fade\" data-slotamount=\"default\" data-hideafterloop=\"0\" data-hideslideonmobile=\"off\"  data-easein=\"default\" data-easeout=\"default\" data-masterspeed=\"300\"  data-rotate=\"0\"  data-saveperformance=\"off\"  data-invisible=\"true\"  data-title=\"Slide\" data-param1=\"\" data-param2=\"\" data-param3=\"\" data-param4=\"\" data-param5=\"\" data-param6=\"\" data-param7=\"\" data-param8=\"\" data-param9=\"\" data-param10=\"\" data-description=\"\">\n\t\t<!-- MAIN IMAGE -->\n\t\t<img src=\"https:\/\/www.marekhorava.cz\/wp-content\/plugins\/revslider\/admin\/assets\/images\/dummy.png\"  alt=\"\" title=\"DSC_1880 kopie\"  width=\"2000\" height=\"1335\" data-lazyload=\"https:\/\/www.marekhorava.cz\/wp-content\/plugins\/revslider\/admin\/assets\/images\/transparent.png\" data-bgposition=\"center center\" data-bgfit=\"cover\" data-bgrepeat=\"no-repeat\" class=\"rev-slidebg\" data-no-retina>\n\t\t<!-- LAYERS -->\n\n\t\t<!-- LAYER NR. 1 -->\n\t\t<div class=\"tp-caption   tp-resizeme fullscreenvideo  disabled_lc tp-videolayer\" \n\t\t\t id=\"slide-50-layer-1\" \n\t\t\t data-x=\"0\" \n\t\t\t data-y=\"0\" \n\t\t\t\t\t\tdata-whitespace=\"nowrap\"\n \n\t\t\tdata-type=\"video\" \n\t\t\tdata-responsive_offset=\"on\" \n\n\t\t\tdata-frames='[{\"delay\":0,\"speed\":310,\"frame\":\"0\",\"from\":\"opacity:0;\",\"to\":\"o:1;\",\"ease\":\"Power3.easeInOut\"},{\"delay\":\"wait\",\"speed\":310,\"frame\":\"999\",\"to\":\"opacity:0;\",\"ease\":\"Power3.easeInOut\"}]'\n data-videocontrols=\"none\" data-videowidth=\"100%\" data-videoheight=\"100%\" data-videoinline=\"true\" data-videomp4=\"https:\/\/marekhorava.cz\/webreel.mp4\" data-videopreload=\"auto\" data-videoloop=\"loopandnoslidestop\" data-forceCover=\"1\" data-aspectratio=\"16:9\"\t\t\tdata-textAlign=\"['inherit','inherit','inherit','inherit']\"\n\t\t\tdata-paddingtop=\"[0,0,0,0]\"\n\t\t\tdata-paddingright=\"[0,0,0,0]\"\n\t\t\tdata-paddingbottom=\"[0,0,0,0]\"\n\t\t\tdata-paddingleft=\"[0,0,0,0]\"\n\t\t\tdata-autoplay=\"on\" \n\t\t\tdata-volume=\"mute\"\t\t\tdata-allowfullscreenvideo=\"true\" \n\n\t\t\tstyle=\"z-index: 5;\"> <\/div>\n\n\t\t<!-- LAYER NR. 2 -->\n\t\t<div class=\"tp-caption tp-shape tp-shapewrapper \" \n\t\t\t id=\"slide-50-layer-7\" \n\t\t\t data-x=\"['left','left','left','left']\" data-hoffset=\"['2','2','2','2']\" \n\t\t\t data-y=\"['top','top','top','top']\" data-voffset=\"['0','0','0','0']\" \n\t\t\t\t\t\tdata-width=\"full\"\n\t\t\tdata-height=\"full\"\n\t\t\tdata-whitespace=\"nowrap\"\n \n\t\t\tdata-type=\"shape\" \n\t\t\tdata-basealign=\"slide\" \n\t\t\tdata-responsive_offset=\"off\" \n\t\t\tdata-responsive=\"off\"\n\t\t\tdata-frames='[{\"delay\":0,\"speed\":310,\"frame\":\"0\",\"from\":\"opacity:0;\",\"to\":\"o:1;\",\"ease\":\"Power3.easeInOut\"},{\"delay\":\"wait\",\"speed\":310,\"frame\":\"999\",\"to\":\"opacity:0;\",\"ease\":\"Power3.easeInOut\"}]'\n\t\t\tdata-textAlign=\"['inherit','inherit','inherit','inherit']\"\n\t\t\tdata-paddingtop=\"[0,0,0,0]\"\n\t\t\tdata-paddingright=\"[0,0,0,0]\"\n\t\t\tdata-paddingbottom=\"[0,0,0,0]\"\n\t\t\tdata-paddingleft=\"[0,0,0,0]\"\n\n\t\t\tstyle=\"z-index: 6;background-color:rgba(0,0,0,0.05);\"> <\/div>\n\n\t\t<!-- LAYER NR. 3 -->\n\t\t<div class=\"tp-caption   tp-resizeme\" \n\t\t\t id=\"slide-50-layer-9\" \n\t\t\t data-x=\"['center','center','center','center']\" data-hoffset=\"['0','0','0','0']\" \n\t\t\t data-y=\"['middle','middle','middle','middle']\" data-voffset=\"['0','0','0','0']\" \n\t\t\t\t\t\tdata-fontsize=\"['','','','inherit']\"\n\t\t\tdata-lineheight=\"['22','22','22','inherit']\"\n\t\t\tdata-width=\"['1241','1241','1241','none']\"\n\t\t\tdata-height=\"none\"\n\t\t\tdata-whitespace=\"['normal','normal','normal','nowrap']\"\n \n\t\t\tdata-type=\"text\" \n\t\t\tdata-basealign=\"slide\" \n\t\t\tdata-responsive_offset=\"on\" \n\n\t\t\tdata-frames='[{\"delay\":0,\"speed\":300,\"frame\":\"0\",\"from\":\"opacity:0;\",\"to\":\"o:1;\",\"ease\":\"Power3.easeInOut\"},{\"delay\":\"wait\",\"speed\":300,\"frame\":\"999\",\"to\":\"opacity:0;\",\"ease\":\"Power3.easeInOut\"}]'\n\t\t\tdata-textAlign=\"['center','center','center','center']\"\n\t\t\tdata-paddingtop=\"[0,0,0,0]\"\n\t\t\tdata-paddingright=\"[0,0,0,0]\"\n\t\t\tdata-paddingbottom=\"[0,0,0,0]\"\n\t\t\tdata-paddingleft=\"[0,0,0,0]\"\n\n\t\t\tstyle=\"z-index: 7; min-width: 1241px; max-width: 1241px; white-space: normal; font-size: px; line-height: 22px; font-weight: 600; color: #ffffff; letter-spacing: px;\"><div class=\"wpb_wrapper\">\n\t<div class=\"wpb_text_column wpb_content_element  vc_custom_1644058292322 spacing\" style=\"margin-top: 10px !important; margin-bottom: 50px !important;\">\n\t\t<div class=\"wpb_wrapper\">\n\t\t\t<p style=\"text-align: center;\"><span style=\"color: #ffffff;font-size:14px!important;font-weight: 400!important;\">KONTAKT<\/span><\/p>\n<h2 style=\"text-align: center;margin-bottom: 50px!important;\"><span style=\"color: #ffffff;\">REZERVUJTE SI<br>OSOBN\u00cd SCH\u016eZKU<\/span><\/h2>\n\n\t\t<\/div>\n\t<\/div>\n<div class=\"vc_btn3-container vc_btn3-center\">\n\t<a class=\"vc_general vc_btn3 vc_btn3-size-md vc_btn3-shape-square vc_btn3-style-outline vc_btn3-color-white\" href=\"https:\/\/www.marekhorava.cz\/mam-zajem\/\" title=\"Marek HO\u0158AVA | Svatebn\u00ed Kameraman &amp; Fotograf\" style=\"font-weight: 600 !important; border: none; letter-spacing: 0 !important; background: #fff; color: #222; font-family: 'Lato', serif !important;font-size: 12px !important;\">Poslat zpr\u00e1vu<\/a><\/div><\/div> <\/div>\n\t<\/li>\n<\/ul>\n<div class=\"tp-bannertimer tp-bottom\" style=\"visibility: hidden !important;\"><\/div>\t<\/div>\n<script>var htmlDiv = document.getElementById(\"rs-plugin-settings-inline-css\"); var htmlDivCss=\"\";\r\n\t\t\t\tif(htmlDiv) {\r\n\t\t\t\t\thtmlDiv.innerHTML = htmlDiv.innerHTML + htmlDivCss;\r\n\t\t\t\t}else{\r\n\t\t\t\t\tvar htmlDiv = document.createElement(\"div\");\r\n\t\t\t\t\thtmlDiv.innerHTML = \"<style>\" + htmlDivCss + \"<\/style>\";\r\n\t\t\t\t\tdocument.getElementsByTagName(\"head\")[0].appendChild(htmlDiv.childNodes[0]);\r\n\t\t\t\t}\r\n\t\t\t<\/script>\n\t\t<script type=\"text\/javascript\">\r\nsetREVStartSize({c: jQuery('#rev_slider_28_1'), responsiveLevels: [1240,1024,778,480], gridwidth: [1240,1024,778,480], gridheight: [468,400,460,400], sliderLayout: 'fullwidth'});\r\n\t\t\t\r\nvar revapi28,\r\n\ttpj=jQuery;\r\n\t\t\t\r\ntpj(document).ready(function() {\n\tif(tpj(\"#rev_slider_28_1\").revolution == undefined){\n\t\trevslider_showDoubleJqueryError(\"#rev_slider_28_1\");\n\t}else{\n\t\trevapi28 = tpj(\"#rev_slider_28_1\").show().revolution({\n\t\t\tsliderType:\"standard\",\n\t\t\tjsFileLocation:\"\/\/www.marekhorava.cz\/wp-content\/plugins\/revslider\/public\/assets\/js\/\",\n\t\t\tsliderLayout:\"fullwidth\",\n\t\t\tdottedOverlay:\"none\",\n\t\t\tdelay:10000,\n\t\t\tnavigation: {\n\t\t\t\tonHoverStop:\"off\",\n\t\t\t},\n\t\t\tresponsiveLevels:[1240,1024,778,480],\n\t\t\tvisibilityLevels:[1240,1024,778,480],\n\t\t\tgridwidth:[1240,1024,778,480],\n\t\t\tgridheight:[468,400,460,400],\n\t\t\tlazyType:\"all\",\n\t\t\tshadow:0,\n\t\t\tspinner:\"spinner2\",\n\t\t\tstopLoop:\"off\",\n\t\t\tstopAfterLoops:-1,\n\t\t\tstopAtSlide:-1,\n\t\t\tshuffle:\"off\",\n\t\t\tautoHeight:\"on\",\n\t\t\tdisableProgressBar:\"on\",\n\t\t\thideThumbsOnMobile:\"off\",\n\t\t\thideSliderAtLimit:0,\n\t\t\thideCaptionAtLimit:0,\n\t\t\thideAllCaptionAtLilmit:0,\n\t\t\tdebugMode:false,\n\t\t\tfallbacks: {\n\t\t\t\tsimplifyAll:\"off\",\n\t\t\t\tnextSlideOnWindowFocus:\"off\",\n\t\t\t\tdisableFocusListener:true,\n\t\t\t}\n\t\t});\n\/* change revapi28 to whatever api number is being used for your slider *\/\nvar api = revapi289;\n \n\/* no need to edit below unless you want to change the default FancyBox settings *\/\napi.on('revolution.slide.onloaded', function() {\n \n    jQuery(this).find('.fancybox').each(function() {\n \n        var $this = jQuery(this);\n        if(!$this.is('a')) $this = $this.removeClass('fancybox').find('a');\n \n        $this.addClass('fancybox fancybox.iframe').attr('rel', 'gallery').fancybox({\n \n            \/* begin FancyBox options *\/\n            width: 960,            \n            height: 540,\n            autoSize: true,\n            aspectRatio: true,\n            fitToView: true,\n            autoCenter: true,\n            scrolling: 'no',\n            type: 'iframe',\n            onClosed: function() {api.revresume()}\n \n        }).on('click', function() {api.revpause()});\n \n    });\n \n});\t}\n\t\n});\t\/*ready*\/\n<\/script>\r\n\t\t<script>\r\n\t\t\t\t\tvar htmlDivCss = ' #rev_slider_28_1_wrapper .tp-loader.spinner2{ background-color: #FFFFFF !important; } ';\r\n\t\t\t\t\tvar htmlDiv = document.getElementById('rs-plugin-settings-inline-css');\r\n\t\t\t\t\tif(htmlDiv) {\r\n\t\t\t\t\t\thtmlDiv.innerHTML = htmlDiv.innerHTML + htmlDivCss;\r\n\t\t\t\t\t}\r\n\t\t\t\t\telse{\r\n\t\t\t\t\t\tvar htmlDiv = document.createElement('div');\r\n\t\t\t\t\t\thtmlDiv.innerHTML = '<style>' + htmlDivCss + '<\/style>';\r\n\t\t\t\t\t\tdocument.getElementsByTagName('head')[0].appendChild(htmlDiv.childNodes[0]);\r\n\t\t\t\t\t}\r\n\t\t\t\t\t<\/script>\r\n\t\t\t\t\t<\/div><!-- END REVOLUTION SLIDER -->[\/vc_column][\/vc_row]<\/p>","protected":false},"excerpt":{"rendered":"<p>[vc_row gap=&#8221;35&#8243; equal_height=&#8221;yes&#8221; content_placement=&#8221;middle&#8221; css=&#8221;.vc_custom_1643874512191{margin-bottom: 0px !important;}&#8221;][vc_column width=&#8221;1\/2&#8243;][vc_single_image image=&#8221;7865&#8243; img_size=&#8221;large&#8221; alignment=&#8221;center&#8221;][\/vc_column][vc_column width=&#8221;1\/2&#8243; el_class=&#8221;proc-me&#8221;][vc_column_text el_class=&#8221;spacing&#8221;]MAREK HO\u0158AVA JEDEN DEN. FILM NA CEL\u00dd \u017dIVOT. [\/vc_column_text][vc_column_text]V\u011b\u0159\u00edm, \u017ee skute\u010dn\u011b v\u00fdjime\u010dn\u00fd svatebn\u00ed film nevznik\u00e1 z dokonal\u00e9ho sc\u00e9n\u00e1\u0159e, ale z p\u0159irozen\u00fdch a nepl\u00e1novan\u00fdch moment\u016f. Vytvo\u0159\u00edm V\u00e1m film, kter\u00fd bude m\u00edt hodnotu i po des\u00edtk\u00e1ch let. Film, kter\u00fd si pust\u00edte i po 20 [&hellip;]<\/p>\n","protected":false},"author":2,"featured_media":0,"parent":0,"menu_order":0,"comment_status":"closed","ping_status":"closed","template":"","meta":[],"aioseo_notices":[],"_links":{"self":[{"href":"https:\/\/www.marekhorava.cz\/cs\/wp-json\/wp\/v2\/pages\/1995"}],"collection":[{"href":"https:\/\/www.marekhorava.cz\/cs\/wp-json\/wp\/v2\/pages"}],"about":[{"href":"https:\/\/www.marekhorava.cz\/cs\/wp-json\/wp\/v2\/types\/page"}],"author":[{"embeddable":true,"href":"https:\/\/www.marekhorava.cz\/cs\/wp-json\/wp\/v2\/users\/2"}],"replies":[{"embeddable":true,"href":"https:\/\/www.marekhorava.cz\/cs\/wp-json\/wp\/v2\/comments?post=1995"}],"version-history":[{"count":204,"href":"https:\/\/www.marekhorava.cz\/cs\/wp-json\/wp\/v2\/pages\/1995\/revisions"}],"predecessor-version":[{"id":7872,"href":"https:\/\/www.marekhorava.cz\/cs\/wp-json\/wp\/v2\/pages\/1995\/revisions\/7872"}],"wp:attachment":[{"href":"https:\/\/www.marekhorava.cz\/cs\/wp-json\/wp\/v2\/media?parent=1995"}],"curies":[{"name":"wp","href":"https:\/\/api.w.org\/{rel}","templated":true}]}}