{"id":5348,"date":"2022-04-26T13:57:43","date_gmt":"2022-04-26T11:57:43","guid":{"rendered":"https:\/\/www.marekhorava.cz\/?page_id=5348"},"modified":"2025-05-20T07:29:51","modified_gmt":"2025-05-20T05:29:51","slug":"wedding-form","status":"publish","type":"page","link":"https:\/\/www.marekhorava.cz\/cs\/wedding-form\/","title":{"rendered":"Dotazn\u00edk pro novoman\u017eel\u00e9"},"content":{"rendered":"<p>[vc_row][vc_column][vc_column_text][\/vc_column_text][\/vc_column][\/vc_row][vc_row css=&#8221;.vc_custom_1518534479752{margin-top: 0px !important;margin-bottom: 0px !important;padding-top: 0px !important;padding-bottom: 20px !important;}&#8221;][vc_column width=&#8221;1\/4&#8243;][\/vc_column][vc_column width=&#8221;2\/4&#8243;][vc_column_text el_class=&#8221;spacing&#8221;]<\/p>\n<p style=\"text-align: center;\">Dotazn\u00edk pro novoman\u017eel\u00e9<\/p>\n<h2 style=\"text-align: center;\">Informace, kter\u00e9 od V\u00e1s budu pot\u0159ebovat pro nat\u00e1\u010den\u00ed Va\u0161eho svatebn\u00edho dne<\/h2>\n<p>[\/vc_column_text][\/vc_column][vc_column width=&#8221;1\/4&#8243;][\/vc_column][\/vc_row][vc_row css=&#8221;.vc_custom_1644059898142{margin-top: 0px !important;margin-bottom: 0px !important;}&#8221;][vc_column el_id=&#8221;popmake-1211&#8243;]<div class=\"ult-content-box-container mam-zajem-form\" >\t\t<div class=\"ult-content-box\" style=\"background-color:#ffffff;box-shadow: px px px px #f7f7f7 none;padding-top:30px;padding-right:30px;padding-bottom:0px;padding-left:30px;-webkit-transition: all 700ms ease;-moz-transition: all 700ms ease;-ms-transition: all 700ms ease;-o-transition: all 700ms ease;transition: all 700ms ease;\"  data-hover_bg_color=\"#ffffff\"  data-hover_box_shadow=\"none\"     data-bg=\"#ffffff\" >\n<div class=\"wpcf7 no-js\" id=\"wpcf7-f5347-o1\" lang=\"cs-CZ\" dir=\"ltr\">\n<div class=\"screen-reader-response\"><p role=\"status\" aria-live=\"polite\" aria-atomic=\"true\"><\/p> <ul><\/ul><\/div>\n<form action=\"\/cs\/wp-json\/wp\/v2\/pages\/5348#wpcf7-f5347-o1\" method=\"post\" class=\"wpcf7-form init\" aria-label=\"Contact form\" novalidate=\"novalidate\" data-status=\"init\">\n<div style=\"display: none;\">\n<input type=\"hidden\" name=\"_wpcf7\" value=\"5347\" \/>\n<input type=\"hidden\" name=\"_wpcf7_version\" value=\"5.8\" \/>\n<input type=\"hidden\" name=\"_wpcf7_locale\" value=\"cs_CZ\" \/>\n<input type=\"hidden\" name=\"_wpcf7_unit_tag\" value=\"wpcf7-f5347-o1\" \/>\n<input type=\"hidden\" name=\"_wpcf7_container_post\" value=\"0\" \/>\n<input type=\"hidden\" name=\"_wpcf7_posted_data_hash\" value=\"\" \/>\n<\/div>\n<div class=\"cstheme_contactform_type5 line-h-normal\">\n\t<div class=\"row\">\n\t\t<div class=\"col-sm-6\">\n\t\t\t<h3>Term\u00edn svatby:\n\t\t\t<\/h3>\n\t\t\t<p><span class=\"wpcf7-form-control-wrap\" data-name=\"datum\"><input size=\"40\" class=\"wpcf7-form-control wpcf7-text wpcf7-validates-as-required vyber-datum\" readonly=\"readonly\" aria-required=\"true\" aria-invalid=\"false\" value=\"\" type=\"text\" name=\"datum\" \/><\/span>\n\t\t\t<\/p>\n\t\t<\/div>\n\t\t<div class=\"col-sm-6\">\n\t\t\t<h3>Kontaktn\u00ed email:\n\t\t\t<\/h3>\n\t\t\t<p><span class=\"wpcf7-form-control-wrap\" data-name=\"email\"><input size=\"40\" class=\"wpcf7-form-control wpcf7-email wpcf7-validates-as-required wpcf7-text wpcf7-validates-as-email\" aria-required=\"true\" aria-invalid=\"false\" value=\"\" type=\"email\" name=\"email\" \/><\/span>\n\t\t\t<\/p>\n\t\t<\/div>\n\t\t<div class=\"col-sm-6\">\n\t\t\t<h3>Jm\u00e9no a p\u0159\u00edjmen\u00ed nev\u011bsty:\n\t\t\t<\/h3>\n\t\t\t<p><span class=\"wpcf7-form-control-wrap\" data-name=\"nevesta\"><input size=\"40\" class=\"wpcf7-form-control wpcf7-text wpcf7-validates-as-required\" aria-required=\"true\" aria-invalid=\"false\" value=\"\" type=\"text\" name=\"nevesta\" \/><\/span>\n\t\t\t<\/p>\n\t\t<\/div>\n\t\t<div class=\"col-sm-6\">\n\t\t\t<h3>Jej\u00ed telefon:\n\t\t\t<\/h3>\n\t\t\t<p><span class=\"wpcf7-form-control-wrap\" data-name=\"nevesta_tel\"><input size=\"40\" class=\"wpcf7-form-control wpcf7-text wpcf7-validates-as-required\" aria-required=\"true\" aria-invalid=\"false\" value=\"\" type=\"text\" name=\"nevesta_tel\" \/><\/span>\n\t\t\t<\/p>\n\t\t<\/div>\n\t\t<div class=\"col-sm-6\">\n\t\t\t<h3>Jm\u00e9no a p\u0159\u00edjmen\u00ed \u017eenicha:\n\t\t\t<\/h3>\n\t\t\t<p><span class=\"wpcf7-form-control-wrap\" data-name=\"zenich\"><input size=\"40\" class=\"wpcf7-form-control wpcf7-text wpcf7-validates-as-required\" aria-required=\"true\" aria-invalid=\"false\" value=\"\" type=\"text\" name=\"zenich\" \/><\/span>\n\t\t\t<\/p>\n\t\t<\/div>\n\t\t<div class=\"col-sm-6\">\n\t\t\t<h3>Jeho telefon:\n\t\t\t<\/h3>\n\t\t\t<p><span class=\"wpcf7-form-control-wrap\" data-name=\"zecnich_tel\"><input size=\"40\" class=\"wpcf7-form-control wpcf7-text wpcf7-validates-as-required\" aria-required=\"true\" aria-invalid=\"false\" value=\"\" type=\"text\" name=\"zecnich_tel\" \/><\/span>\n\t\t\t<\/p>\n\t\t<\/div>\n\t<\/div>\n\t<h2>P\u0159\u00edpravy \u017eenicha a nev\u011bsty\n\t<\/h2>\n\t<div class=\"row obrad-boxy\">\n\t\t<div class=\"col-sm-6\">\n\t\t\t<h3>Adresa & \u010das, kde se bude nev\u011bsta p\u0159ipravovat:\n\t\t\t<\/h3>\n\t\t\t<p><span class=\"wpcf7-form-control-wrap\" data-name=\"adresa_nevesta\"><input size=\"40\" class=\"wpcf7-form-control wpcf7-text\" aria-invalid=\"false\" value=\"\" type=\"text\" name=\"adresa_nevesta\" \/><\/span>\n\t\t\t<\/p>\n\t\t<\/div>\n\t\t<div class=\"col-sm-6\">\n\t\t\t<h3>Adresa & \u010das, kde se bude \u017eenich p\u0159ipravovat:\n\t\t\t<\/h3>\n\t\t\t<p><span class=\"wpcf7-form-control-wrap\" data-name=\"adresa_zenich\"><input size=\"40\" class=\"wpcf7-form-control wpcf7-text\" aria-invalid=\"false\" value=\"\" type=\"text\" name=\"adresa_zenich\" \/><\/span>\n\t\t\t<\/p>\n\t\t<\/div>\n\t\t<div class=\"col-sm-6\">\n\t\t\t<h3>Budete si p\u0159ed\u00e1vat vlastn\u00ed dopisy?\n\t\t\t<\/h3>\n\t\t\t<p><span class=\"wpcf7-form-control-wrap\" data-name=\"dopis\"><select class=\"wpcf7-form-control wpcf7-select wpcf7-validates-as-required\" aria-required=\"true\" aria-invalid=\"false\" name=\"dopis\"><option value=\"\">Vyberte ze seznamu<\/option><option value=\"Ano\">Ano<\/option><option value=\"Ne\">Ne<\/option><\/select><\/span>\n\t\t\t<\/p>\n\t\t<\/div>\n\t\t<div class=\"col-sm-6\">\n\t\t\t<h3>Pl\u00e1nujete first look s rodi\u010di? (Prvn\u00ed setk\u00e1n\u00ed tat\u00ednka s nev\u011bstou ve svatebn\u00edch \u0161atech)\n\t\t\t<\/h3>\n\t\t\t<p><span class=\"wpcf7-form-control-wrap\" data-name=\"rodice\"><select class=\"wpcf7-form-control wpcf7-select wpcf7-validates-as-required\" aria-required=\"true\" aria-invalid=\"false\" name=\"rodice\"><option value=\"\">Vyberte ze seznamu<\/option><option value=\"Ano\">Ano<\/option><option value=\"Ne\">Ne<\/option><\/select><\/span>\n\t\t\t<\/p>\n\t\t<\/div>\n\t<\/div>\n\t<h2>Svatebn\u00ed ob\u0159ad\n\t<\/h2>\n\t<div class=\"row obrad-boxy\">\n\t\t<div class=\"col-sm-6\">\n\t\t\t<h3>Adresa & \u010das, kde bude prob\u00edhat svatebn\u00ed ob\u0159ad:\n\t\t\t<\/h3>\n\t\t\t<p><span class=\"wpcf7-form-control-wrap\" data-name=\"adresa_obrad\"><input size=\"40\" class=\"wpcf7-form-control wpcf7-text\" aria-invalid=\"false\" value=\"\" type=\"text\" name=\"adresa_obrad\" \/><\/span>\n\t\t\t<\/p>\n\t\t<\/div>\n\t\t<div class=\"col-sm-6\">\n\t\t\t<h3>Kolik host\u016f bude na ob\u0159ad\u011b?\n\t\t\t<\/h3>\n\t\t\t<p><span class=\"wpcf7-form-control-wrap\" data-name=\"hoste\"><input size=\"40\" class=\"wpcf7-form-control wpcf7-text\" aria-invalid=\"false\" value=\"\" type=\"text\" name=\"hoste\" \/><\/span>\n\t\t\t<\/p>\n\t\t<\/div>\n\t\t<div class=\"col-sm-6\">\n\t\t\t<h3>Jak\u00fd druh ob\u0159adu pl\u00e1nujete?\n\t\t\t<\/h3>\n\t\t\t<p><span class=\"wpcf7-form-control-wrap\" data-name=\"druh_obrad\"><select class=\"wpcf7-form-control wpcf7-select\" aria-invalid=\"false\" name=\"druh_obrad\"><option value=\"\">Vyberte ze seznamu<\/option><option value=\"civiln\u00ed\">civiln\u00ed<\/option><option value=\"cirkevn\u00ed - zkr\u00e1cen\u00fd\">cirkevn\u00ed - zkr\u00e1cen\u00fd<\/option><option value=\"cirkevn\u00ed - se mn\u0161\u00ed\">cirkevn\u00ed - se mn\u0161\u00ed<\/option><\/select><\/span>\n\t\t\t<\/p>\n\t\t<\/div>\n\t\t<div class=\"col-sm-6\">\n\t\t\t<h3>Budete si \u0159\u00edkat vlastn\u00ed sliby?\n\t\t\t<\/h3>\n\t\t\t<p><span class=\"wpcf7-form-control-wrap\" data-name=\"sliby\"><select class=\"wpcf7-form-control wpcf7-select wpcf7-validates-as-required\" aria-required=\"true\" aria-invalid=\"false\" name=\"sliby\"><option value=\"\">Vyberte ze seznamu<\/option><option value=\"Ano\">Ano<\/option><option value=\"Ne\">Ne<\/option><\/select><\/span>\n\t\t\t<\/p>\n\t\t<\/div>\n\t\t<div class=\"col-sm-6\">\n\t\t\t<h3>Uvid\u00edte se p\u0159ed ob\u0159adem?\n\t\t\t<\/h3>\n\t\t\t<p><span class=\"wpcf7-form-control-wrap\" data-name=\"uvidite_se\"><select class=\"wpcf7-form-control wpcf7-select wpcf7-validates-as-required\" aria-required=\"true\" aria-invalid=\"false\" name=\"uvidite_se\"><option value=\"\">Vyberte ze seznamu<\/option><option value=\"Ano\">Ano<\/option><option value=\"Ne\">Ne<\/option><\/select><\/span>\n\t\t\t<\/p>\n\t\t<\/div>\n\t\t<div class=\"col-sm-6\">\n\t\t\t<h3>Bude na ob\u0159adu \u017eiv\u00e1 kapela?\n\t\t\t<\/h3>\n\t\t\t<p><span class=\"wpcf7-form-control-wrap\" data-name=\"kapelaobrad\"><select class=\"wpcf7-form-control wpcf7-select wpcf7-validates-as-required\" aria-required=\"true\" aria-invalid=\"false\" name=\"kapelaobrad\"><option value=\"\">Vyberte ze seznamu<\/option><option value=\"Ano\">Ano<\/option><option value=\"Ne\">Ne<\/option><\/select><\/span>\n\t\t\t<\/p>\n\t\t<\/div>\n\t\t<div class=\"col-sm-6\">\n\t\t\t<h3>M\u00edsto, kde bude prob\u00edhat ob\u0159ad (exteri\u00e9r\/interi\u00e9r, jednoduch\u00fd popis)\n\t\t\t<\/h3>\n\t\t\t<p><span class=\"wpcf7-form-control-wrap\" data-name=\"misto_obrad\"><input size=\"40\" class=\"wpcf7-form-control wpcf7-text\" aria-invalid=\"false\" value=\"\" type=\"text\" name=\"misto_obrad\" \/><\/span>\n\t\t\t<\/p>\n\t\t<\/div>\n\t\t<div class=\"col-sm-6\">\n\t\t\t<h3>Je je\u0161t\u011b n\u011bco, co bych m\u011bl o Va\u0161em ob\u0159adu v\u011bd\u011bt?\n\t\t\t<\/h3>\n\t\t\t<p><span class=\"wpcf7-form-control-wrap\" data-name=\"info_obrad\"><input size=\"40\" class=\"wpcf7-form-control wpcf7-text\" aria-invalid=\"false\" value=\"\" type=\"text\" name=\"info_obrad\" \/><\/span>\n\t\t\t<\/p>\n\t\t<\/div>\n\t<\/div>\n\t<h2>Odpoledn\u00ed program\n\t<\/h2>\n\t<div class=\"row\">\n\t\t<div class=\"col-sm-6\">\n\t\t\t<h3>Adresa & \u010das svatebn\u00ed hostiny:\n\t\t\t<\/h3>\n\t\t\t<p><span class=\"wpcf7-form-control-wrap\" data-name=\"adresa_hostina\"><input size=\"40\" class=\"wpcf7-form-control wpcf7-text\" aria-invalid=\"false\" value=\"\" type=\"text\" name=\"adresa_hostina\" \/><\/span>\n\t\t\t<\/p>\n\t\t<\/div>\n\t\t<div class=\"col-sm-6\">\n\t\t\t<h3>Doraz\u00ed dal\u0161\u00ed host\u00e9 na hostinu? Jak\u00fd po\u010det?\n\t\t\t<\/h3>\n\t\t\t<p><span class=\"wpcf7-form-control-wrap\" data-name=\"dalsi_hoste\"><input size=\"40\" class=\"wpcf7-form-control wpcf7-text\" aria-invalid=\"false\" value=\"\" type=\"text\" name=\"dalsi_hoste\" \/><\/span>\n\t\t\t<\/p>\n\t\t<\/div>\n\t\t<div class=\"col-sm-6\">\n\t\t\t<h3>Bude m\u00edt n\u011bkdo z host\u016f proslov? Pokud ano, kdo a p\u0159ibli\u017en\u011b v jak\u00fd \u010das?\n\t\t\t<\/h3>\n\t\t\t<p><span class=\"wpcf7-form-control-wrap\" data-name=\"proslovy\"><input size=\"40\" class=\"wpcf7-form-control wpcf7-text\" aria-invalid=\"false\" value=\"\" type=\"text\" name=\"proslovy\" \/><\/span>\n\t\t\t<\/p>\n\t\t<\/div>\n\t\t<div class=\"col-sm-6\">\n\t\t\t<h3>Kdy a na jak dlouho pl\u00e1nujete portr\u00e9tn\u00ed focen\u00ed?\n\t\t\t<\/h3>\n\t\t\t<p><span class=\"wpcf7-form-control-wrap\" data-name=\"fotenie_portret\"><input size=\"40\" class=\"wpcf7-form-control wpcf7-text\" aria-invalid=\"false\" value=\"\" type=\"text\" name=\"fotenie_portret\" \/><\/span>\n\t\t\t<\/p>\n\t\t<\/div>\n\t\t<div class=\"col-sm-6\">\n\t\t\t<h3>Jak\u00e1koliv zaj\u00edmav\u00e1 m\u00edsta v okol\u00ed:\n\t\t\t<\/h3>\n\t\t\t<p><span class=\"wpcf7-form-control-wrap\" data-name=\"zaujimava_mista\"><input size=\"40\" class=\"wpcf7-form-control wpcf7-text\" aria-invalid=\"false\" value=\"\" type=\"text\" name=\"zaujimava_mista\" \/><\/span>\n\t\t\t<\/p>\n\t\t<\/div>\n\t<\/div>\n\t<h2>Aktivity\n\t<\/h2>\n\t<div class=\"row\">\n\t\t<div class=\"col-sm-12 obrad-boxy\">\n\t\t\t<h3>Pl\u00e1nujete n\u011bkter\u00e9 z t\u011bchto aktivit?\n\t\t\t<\/h3>\n\t\t\t<p><span class=\"wpcf7-form-control-wrap\" data-name=\"tradice\"><span class=\"wpcf7-form-control wpcf7-checkbox\"><span class=\"wpcf7-list-item first\"><label><input type=\"checkbox\" name=\"tradice[]\" value=\"Po\u017eehn\u00e1n\u00ed od rodi\u010d\u016f p\u0159ed ob\u0159adem\" \/><span class=\"wpcf7-list-item-label\">Po\u017eehn\u00e1n\u00ed od rodi\u010d\u016f p\u0159ed ob\u0159adem<\/span><\/label><\/span><span class=\"wpcf7-list-item\"><label><input type=\"checkbox\" name=\"tradice[]\" value=\"Rozb\u00edjen\u00ed tal\u00ed\u0159e\" \/><span class=\"wpcf7-list-item-label\">Rozb\u00edjen\u00ed tal\u00ed\u0159e<\/span><\/label><\/span><span class=\"wpcf7-list-item\"><label><input type=\"checkbox\" name=\"tradice[]\" value=\"Spole\u010dn\u00e1 pol\u00e9vka\" \/><span class=\"wpcf7-list-item-label\">Spole\u010dn\u00e1 pol\u00e9vka<\/span><\/label><\/span><span class=\"wpcf7-list-item\"><label><input type=\"checkbox\" name=\"tradice[]\" value=\"Kr\u00e1jen\u00ed dortu\" \/><span class=\"wpcf7-list-item-label\">Kr\u00e1jen\u00ed dortu<\/span><\/label><\/span><span class=\"wpcf7-list-item\"><label><input type=\"checkbox\" name=\"tradice[]\" value=\"H\u00e1zen\u00ed kytice\" \/><span class=\"wpcf7-list-item-label\">H\u00e1zen\u00ed kytice<\/span><\/label><\/span><span class=\"wpcf7-list-item\"><label><input type=\"checkbox\" name=\"tradice[]\" value=\"Pou\u0161t\u011bn\u00ed lampi\u00f3n\u016f\" \/><span class=\"wpcf7-list-item-label\">Pou\u0161t\u011bn\u00ed lampi\u00f3n\u016f<\/span><\/label><\/span><span class=\"wpcf7-list-item\"><label><input type=\"checkbox\" name=\"tradice[]\" value=\"Prvn\u00ed tanec\" \/><span class=\"wpcf7-list-item-label\">Prvn\u00ed tanec<\/span><\/label><\/span><span class=\"wpcf7-list-item\"><label><input type=\"checkbox\" name=\"tradice[]\" value=\"Prskavky\" \/><span class=\"wpcf7-list-item-label\">Prskavky<\/span><\/label><\/span><span class=\"wpcf7-list-item\"><label><input type=\"checkbox\" name=\"tradice[]\" value=\"Oh\u0148ostroj\" \/><span class=\"wpcf7-list-item-label\">Oh\u0148ostroj<\/span><\/label><\/span><span class=\"wpcf7-list-item\"><label><input type=\"checkbox\" name=\"tradice[]\" value=\"Ohniv\u00e1 show\" \/><span class=\"wpcf7-list-item-label\">Ohniv\u00e1 show<\/span><\/label><\/span><span class=\"wpcf7-list-item last\"><label><input type=\"checkbox\" name=\"tradice[]\" value=\"Tradi\u010dn\u00ed svatebn\u00ed hry\" \/><span class=\"wpcf7-list-item-label\">Tradi\u010dn\u00ed svatebn\u00ed hry<\/span><\/label><\/span><\/span><\/span>\n\t\t\t<\/p>\n\t\t<\/div>\n\t\t<div class=\"col-sm-12\">\n\t\t\t<h3>Pl\u00e1nujete n\u011bco dal\u0161\u00edho?\n\t\t\t<\/h3>\n\t\t\t<p><span class=\"wpcf7-form-control-wrap\" data-name=\"tradice_dalsi\"><input size=\"40\" class=\"wpcf7-form-control wpcf7-text\" aria-invalid=\"false\" value=\"\" type=\"text\" name=\"tradice_dalsi\" \/><\/span>\n\t\t\t<\/p>\n\t\t<\/div>\n\t<\/div>\n\t<h2>Svatebn\u00ed dodavatel\u00e9\n\t<\/h2>\n\t<div class=\"row\">\n\t\t<div class=\"col-sm-6\">\n\t\t\t<h3>Koordin\u00e1tor svatby (jm\u00e9no, telefon, web):\n\t\t\t<\/h3>\n\t\t\t<p><span class=\"wpcf7-form-control-wrap\" data-name=\"koordinace\"><input size=\"40\" class=\"wpcf7-form-control wpcf7-text\" aria-invalid=\"false\" value=\"\" type=\"text\" name=\"koordinace\" \/><\/span>\n\t\t\t<\/p>\n\t\t<\/div>\n\t\t<div class=\"col-sm-6\">\n\t\t\t<h3>Fotograf (jm\u00e9no, web):\n\t\t\t<\/h3>\n\t\t\t<p><span class=\"wpcf7-form-control-wrap\" data-name=\"fotograf\"><input size=\"40\" class=\"wpcf7-form-control wpcf7-text\" aria-invalid=\"false\" value=\"\" type=\"text\" name=\"fotograf\" \/><\/span>\n\t\t\t<\/p>\n\t\t<\/div>\n\t\t<div class=\"col-sm-6\">\n\t\t\t<h3>Make-Up stylistka (jm\u00e9no, web):\n\t\t\t<\/h3>\n\t\t\t<p><span class=\"wpcf7-form-control-wrap\" data-name=\"makeup\"><input size=\"40\" class=\"wpcf7-form-control wpcf7-text\" aria-invalid=\"false\" value=\"\" type=\"text\" name=\"makeup\" \/><\/span>\n\t\t\t<\/p>\n\t\t<\/div>\n\t\t<div class=\"col-sm-6\">\n\t\t\t<h3>Kapela\/DJ (jm\u00e9no, web):\n\t\t\t<\/h3>\n\t\t\t<p><span class=\"wpcf7-form-control-wrap\" data-name=\"dj\"><input size=\"40\" class=\"wpcf7-form-control wpcf7-text\" aria-invalid=\"false\" value=\"\" type=\"text\" name=\"dj\" \/><\/span>\n\t\t\t<\/p>\n\t\t<\/div>\n\t\t<div class=\"col-sm-6\">\n\t\t\t<h3>V\u00fdzdoba\/Kv\u011btiny (jm\u00e9no, web):\n\t\t\t<\/h3>\n\t\t\t<p><span class=\"wpcf7-form-control-wrap\" data-name=\"vyzdoba\"><input size=\"40\" class=\"wpcf7-form-control wpcf7-text\" aria-invalid=\"false\" value=\"\" type=\"text\" name=\"vyzdoba\" \/><\/span>\n\t\t\t<\/p>\n\t\t<\/div>\n\t\t<div class=\"col-sm-6\">\n\t\t\t<h3>Dort\/Sladk\u00fd bar (jm\u00e9no, web):\n\t\t\t<\/h3>\n\t\t\t<p><span class=\"wpcf7-form-control-wrap\" data-name=\"candy\"><input size=\"40\" class=\"wpcf7-form-control wpcf7-text\" aria-invalid=\"false\" value=\"\" type=\"text\" name=\"candy\" \/><\/span>\n\t\t\t<\/p>\n\t\t<\/div>\n\t<\/div>\n\t<h2>Kone\u010dn\u00fd produkt\n\t<\/h2>\n\t<div class=\"row\">\n\t\t<div class=\"col-sm-6\">\n\t\t\t<h3>M\u00e1te n\u011bjak\u00e9 speci\u00e1ln\u00ed po\u017eadavky na v\u00fdsledn\u00e9 video?\n\t\t\t<\/h3>\n\t\t\t<p><span class=\"wpcf7-form-control-wrap\" data-name=\"video\"><input size=\"40\" class=\"wpcf7-form-control wpcf7-text\" aria-invalid=\"false\" value=\"\" type=\"text\" name=\"video\" \/><\/span>\n\t\t\t<\/p>\n\t\t<\/div>\n\t\t<div class=\"col-sm-6\">\n\t\t\t<h3>Jak\u00e9 m\u00e9 video v\u00e1s nejv\u00edce zaujalo?\n\t\t\t<\/h3>\n\t\t\t<p><span class=\"wpcf7-form-control-wrap\" data-name=\"video_inspirace\"><input size=\"40\" class=\"wpcf7-form-control wpcf7-text\" aria-invalid=\"false\" value=\"\" type=\"text\" name=\"video_inspirace\" \/><\/span>\n\t\t\t<\/p>\n\t\t<\/div>\n\t\t<div class=\"col-sm-6\">\n\t\t\t<h3>Jakou formu zpracov\u00e1n\u00ed klipu preferujete?\n\t\t\t<\/h3>\n\t\t\t<p><span class=\"wpcf7-form-control-wrap\" data-name=\"zpracovani\"><select class=\"wpcf7-form-control wpcf7-select wpcf7-validates-as-required\" aria-required=\"true\" aria-invalid=\"false\" name=\"zpracovani\"><option value=\"\">Vyberte ze seznamu<\/option><option value=\"Klidn\u00fd \u2013 pomalej\u0161\u00ed st\u0159ihy\">Klidn\u00fd \u2013 pomalej\u0161\u00ed st\u0159ihy<\/option><option value=\"Dynami\u010dt\u011bj\u0161\u00ed \u2013 rychlej\u0161\u00ed st\u0159ihy\">Dynami\u010dt\u011bj\u0161\u00ed \u2013 rychlej\u0161\u00ed st\u0159ihy<\/option><\/select><\/span>\n\t\t\t<\/p>\n\t\t<\/div>\n\t\t<div class=\"col-sm-6\">\n\t\t\t<h3>Mo\u017enost zpracovan\u00ed klipu\n\t\t\t<\/h3>\n\t\t\t<p><span class=\"wpcf7-form-control-wrap\" data-name=\"produkcia\"><select class=\"wpcf7-form-control wpcf7-select wpcf7-validates-as-required\" aria-required=\"true\" aria-invalid=\"false\" name=\"produkcia\"><option value=\"\">Vyberte ze seznamu<\/option><option value=\"Bez podkresu hlasu (voiceover)\">Bez podkresu hlasu (voiceover)<\/option><option value=\"S podkresem hlasu (voiceover)\">S podkresem hlasu (voiceover)<\/option><\/select><\/span>\n\t\t\t<\/p>\n\t\t<\/div>\n\t\t<div class=\"col-sm-12\">\n\t\t\t<h3>Je n\u011bco, co bych m\u011bl v\u011bd\u011bt a nezeptal jsem se?\n\t\t\t<\/h3>\n\t\t\t<p><span class=\"wpcf7-form-control-wrap\" data-name=\"otazky\"><input size=\"40\" class=\"wpcf7-form-control wpcf7-text\" aria-invalid=\"false\" value=\"\" type=\"text\" name=\"otazky\" \/><\/span>\n\t\t\t<\/p>\n\t\t<\/div>\n\t<\/div>\n\t<div class=\"row\">\n\t\t<div class=\"col-sm-12 obrad-boxy\">\n\t\t\t<h3>Jakou hudbu pro svatebn\u00ed klip preferujete?\n\t\t\t<\/h3>\n\t\t\t<p><span class=\"wpcf7-form-control-wrap\" data-name=\"hudba\"><span class=\"wpcf7-form-control wpcf7-checkbox\"><span class=\"wpcf7-list-item first\"><label><input type=\"checkbox\" name=\"hudba[]\" value=\"Instrument\u00e1ln\u00ed\" \/><span class=\"wpcf7-list-item-label\">Instrument\u00e1ln\u00ed<\/span><\/label><b class=\"tooltip-r\" data-toggle=\"tooltip\" data-placement=\"top\" title=\"Hudba bez textu, kter\u00e1 m\u016f\u017ee p\u0159idat n\u00e1ladu bez odv\u00e1d\u011bn\u00ed pozornosti od vizu\u00e1ln\u00edch prvk\u016f videa.\">?<\/b><\/span><span class=\"wpcf7-list-item\"><label><input type=\"checkbox\" name=\"hudba[]\" value=\"Klasick\u00e1\" \/><span class=\"wpcf7-list-item-label\">Klasick\u00e1<\/span><\/label><b class=\"tooltip-r\" data-toggle=\"tooltip\" data-placement=\"top\" title=\"Elegantn\u00ed a tradi\u010dn\u00ed hudba, jako jsou skladby od Mozart nebo Bach.\">?<\/b><\/span><span class=\"wpcf7-list-item\"><label><input type=\"checkbox\" name=\"hudba[]\" value=\"Romantick\u00e1\" \/><span class=\"wpcf7-list-item-label\">Romantick\u00e1<\/span><\/label><b class=\"tooltip-r\" data-toggle=\"tooltip\" data-placement=\"top\" title=\"P\u00edsn\u011b s romantick\u00fdm n\u00e1dechem a melodiemi.\">?<\/b><\/span><span class=\"wpcf7-list-item\"><label><input type=\"checkbox\" name=\"hudba[]\" value=\"Popov\u00e1\" \/><span class=\"wpcf7-list-item-label\">Popov\u00e1<\/span><\/label><b class=\"tooltip-r\" data-toggle=\"tooltip\" data-placement=\"top\" title=\"Popov\u00e1 hudba obvykle obsahuje jednoduch\u00e9, snadno zapamatovateln\u00e9 melodie, kter\u00e9 jsou snadno rozpoznateln\u00e9 a atraktivn\u00ed pro poslucha\u010de.\">?<\/b><\/span><span class=\"wpcf7-list-item\"><label><input type=\"checkbox\" name=\"hudba[]\" value=\"Jazzov\u00e1\" \/><span class=\"wpcf7-list-item-label\">Jazzov\u00e1<\/span><\/label><b class=\"tooltip-r\" data-toggle=\"tooltip\" data-placement=\"top\" title=\"Stylov\u00e1 hudba s jazzy prvky.\">?<\/b><\/span><span class=\"wpcf7-list-item\"><label><input type=\"checkbox\" name=\"hudba[]\" value=\"World\" \/><span class=\"wpcf7-list-item-label\">World<\/span><\/label><b class=\"tooltip-r\" data-toggle=\"tooltip\" data-placement=\"top\" title=\"Hudba s exotick\u00fdmi prvky z r\u016fzn\u00fdch \u010d\u00e1st\u00ed sv\u011bta.\">?<\/b><\/span><span class=\"wpcf7-list-item last\"><label><input type=\"checkbox\" name=\"hudba[]\" value=\"Filmov\u00e1\" \/><span class=\"wpcf7-list-item-label\">Filmov\u00e1<\/span><\/label><b class=\"tooltip-r\" data-toggle=\"tooltip\" data-placement=\"top\" title=\"Hudba, kter\u00e1 m\u016f\u017ee dodat epick\u00fd nebo emotivn\u00ed charakter videu.\">?<\/b><\/span><\/span><\/span>\n\t\t\t<\/p>\n\t\t<\/div>\n\t\t<div class=\"col-sm-12 obrad-boxy\">\n\t\t\t<h3>N\u011bco o V\u00e1s (jak a kde jste se poznali, spole\u010dn\u00e9 z\u00e1jmy, co jeden na druh\u00e9m milujete)\n\t\t\t<\/h3>\n\t\t\t<p><span class=\"wpcf7-form-control-wrap\" data-name=\"ovas\"><textarea cols=\"40\" rows=\"2\" class=\"wpcf7-form-control wpcf7-textarea\" aria-invalid=\"false\" name=\"ovas\"><\/textarea><\/span>\n\t\t\t<\/p>\n\t\t<\/div>\n\t<\/div>\n<div class=\"wpcf7-response-output\" aria-hidden=\"true\"><\/div>\n\t<div class=\"row\">\n\t\t<div class=\"col-sm-12 center\">\n\t\t\t<p><input class=\"wpcf7-form-control wpcf7-submit has-spinner\" type=\"submit\" value=\"Odeslat formul\u00e1\u0159\" \/>\n\t\t\t<\/p>\n\t\t<\/div>\n\t<\/div>\n<\/div>\n<p><script>\n jQuery(function($) {\nvar dateToday = new Date(); \n$(function() {\n $( \".vyber-datum\" ).datepicker({\n minDate: dateToday,\ncloseText: \"Zav\u0159\u00edt\",\n\tprevText: \"&#x3C;D\u0159\u00edve\",\n\tnextText: \"Pozd\u011bji&#x3E;\",\n\tcurrentText: \"Nyn\u00ed\",\n\tmonthNames: [ \"Leden\", \"\u00danor\", \"B\u0159ezen\", \"Duben\", \"Kv\u011bten\", \"\u010cerven\",\n\t\"\u010cervenec\", \"Srpen\", \"Z\u00e1\u0159\u00ed\", \"\u0158\u00edjen\", \"Listopad\", \"Prosinec\" ],\n\tmonthNamesShort: [ \"Led\", \"\u00dano\", \"B\u0159e\", \"Dub\", \"Kv\u011b\", \"\u010cer\",\n\t\"\u010cvc\", \"Srp\", \"Z\u00e1\u0159\", \"\u0158\u00edj\", \"Lis\", \"Pro\" ],\n\tdayNames: [ \"Ned\u011ble\", \"Pond\u011bl\u00ed\", \"\u00dater\u00fd\", \"St\u0159eda\", \"\u010ctvrtek\", \"P\u00e1tek\", \"Sobota\" ],\n\tdayNamesShort: [ \"ne\", \"po\", \"\u00fat\", \"st\", \"\u010dt\", \"p\u00e1\", \"so\" ],\n\tdayNamesMin: [ \"ne\", \"po\", \"\u00fat\", \"st\", \"\u010dt\", \"p\u00e1\", \"so\" ],\n\tweekHeader: \"T\u00fdd\",\n\tdateFormat: \"dd.mm.yy\"\n });\n});\n \n \n$('.tooltip-r').tooltip(); \n \n});\n <\/script>\n<\/p>\n<style>\nform h2 {\n margin-top: 45px;\n}\n<\/style><p style=\"display: none !important;\" class=\"akismet-fields-container\" data-prefix=\"_wpcf7_ak_\"><label>&#916;<textarea name=\"_wpcf7_ak_hp_textarea\" cols=\"45\" rows=\"8\" maxlength=\"100\"><\/textarea><\/label><input type=\"hidden\" id=\"ak_js_1\" name=\"_wpcf7_ak_js\" value=\"142\"\/><script>document.getElementById( \"ak_js_1\" ).setAttribute( \"value\", ( new Date() ).getTime() );<\/script><\/p><input type='hidden' class='wpcf7-pum' value='{\"closepopup\":false,\"closedelay\":0,\"openpopup\":false,\"openpopup_id\":0}' \/>\n<\/form>\n<\/div>\n\t\t<\/div><\/div>[\/vc_column][\/vc_row]<\/p>","protected":false},"excerpt":{"rendered":"<p>[vc_row][vc_column][vc_column_text][\/vc_column_text][\/vc_column][\/vc_row][vc_row css=&#8221;.vc_custom_1518534479752{margin-top: 0px !important;margin-bottom: 0px !important;padding-top: 0px !important;padding-bottom: 20px !important;}&#8221;][vc_column width=&#8221;1\/4&#8243;][\/vc_column][vc_column width=&#8221;2\/4&#8243;][vc_column_text el_class=&#8221;spacing&#8221;] Dotazn\u00edk pro novoman\u017eel\u00e9 Informace, kter\u00e9 od V\u00e1s budu pot\u0159ebovat pro nat\u00e1\u010den\u00ed Va\u0161eho svatebn\u00edho dne [\/vc_column_text][\/vc_column][vc_column width=&#8221;1\/4&#8243;][\/vc_column][\/vc_row][vc_row css=&#8221;.vc_custom_1644059898142{margin-top: 0px !important;margin-bottom: 0px !important;}&#8221;][vc_column el_id=&#8221;popmake-1211&#8243;][\/vc_column][\/vc_row]<\/p>\n","protected":false},"author":1,"featured_media":0,"parent":0,"menu_order":0,"comment_status":"closed","ping_status":"closed","template":"","meta":[],"aioseo_notices":[],"_links":{"self":[{"href":"https:\/\/www.marekhorava.cz\/cs\/wp-json\/wp\/v2\/pages\/5348"}],"collection":[{"href":"https:\/\/www.marekhorava.cz\/cs\/wp-json\/wp\/v2\/pages"}],"about":[{"href":"https:\/\/www.marekhorava.cz\/cs\/wp-json\/wp\/v2\/types\/page"}],"author":[{"embeddable":true,"href":"https:\/\/www.marekhorava.cz\/cs\/wp-json\/wp\/v2\/users\/1"}],"replies":[{"embeddable":true,"href":"https:\/\/www.marekhorava.cz\/cs\/wp-json\/wp\/v2\/comments?post=5348"}],"version-history":[{"count":12,"href":"https:\/\/www.marekhorava.cz\/cs\/wp-json\/wp\/v2\/pages\/5348\/revisions"}],"predecessor-version":[{"id":5391,"href":"https:\/\/www.marekhorava.cz\/cs\/wp-json\/wp\/v2\/pages\/5348\/revisions\/5391"}],"wp:attachment":[{"href":"https:\/\/www.marekhorava.cz\/cs\/wp-json\/wp\/v2\/media?parent=5348"}],"curies":[{"name":"wp","href":"https:\/\/api.w.org\/{rel}","templated":true}]}}