{"id":5348,"date":"2022-04-26T13:57:43","date_gmt":"2022-04-26T11:57:43","guid":{"rendered":"https:\/\/www.marekhorava.cz\/?page_id=5348"},"modified":"2025-05-20T07:29:51","modified_gmt":"2025-05-20T05:29:51","slug":"wedding-form","status":"publish","type":"page","link":"https:\/\/www.marekhorava.cz\/en\/wedding-form\/","title":{"rendered":"Dotazn\u00edk pro novoman\u017eel\u00e9"},"content":{"rendered":"<p>[vc_row][vc_column][vc_column_text][\/vc_column_text][\/vc_column][\/vc_row][vc_row css=&#8221;.vc_custom_1518534479752{margin-top: 0px !important;margin-bottom: 0px !important;padding-top: 0px !important;padding-bottom: 20px !important;}&#8221;][vc_column width=&#8221;1\/4&#8243;][\/vc_column][vc_column width=&#8221;2\/4&#8243;][vc_column_text el_class=&#8221;spacing&#8221;]<\/p>\n<p style=\"text-align: center;\">QUESTIONNAIRE FOR THE NEWLYWEDS<\/p>\n<h2 style=\"text-align: center;\">Information that I will need from you for filming your wedding day<\/h2>\n<p>[\/vc_column_text][\/vc_column][vc_column width=&#8221;1\/4&#8243;][\/vc_column][\/vc_row][vc_row css=&#8221;.vc_custom_1644059898142{margin-top: 0px !important;margin-bottom: 0px !important;}&#8221;][vc_column el_id=&#8221;popmake-1211&#8243;]<div class=\"ult-content-box-container mam-zajem-form\" >\t\t<div class=\"ult-content-box\" style=\"background-color:#ffffff;box-shadow: px px px px #f7f7f7 none;padding-top:30px;padding-right:30px;padding-bottom:0px;padding-left:30px;-webkit-transition: all 700ms ease;-moz-transition: all 700ms ease;-ms-transition: all 700ms ease;-o-transition: all 700ms ease;transition: all 700ms ease;\"  data-hover_bg_color=\"#ffffff\"  data-hover_box_shadow=\"none\"     data-bg=\"#ffffff\" >\n<div class=\"wpcf7 no-js\" id=\"wpcf7-f5377-o2\" lang=\"en-US\" dir=\"ltr\">\n<div class=\"screen-reader-response\"><p role=\"status\" aria-live=\"polite\" aria-atomic=\"true\"><\/p> <ul><\/ul><\/div>\n<form action=\"\/en\/wp-json\/wp\/v2\/pages\/5348#wpcf7-f5377-o2\" method=\"post\" class=\"wpcf7-form init\" aria-label=\"Contact form\" novalidate=\"novalidate\" data-status=\"init\">\n<div style=\"display: none;\">\n<input type=\"hidden\" name=\"_wpcf7\" value=\"5377\" \/>\n<input type=\"hidden\" name=\"_wpcf7_version\" value=\"5.8\" \/>\n<input type=\"hidden\" name=\"_wpcf7_locale\" value=\"en_US\" \/>\n<input type=\"hidden\" name=\"_wpcf7_unit_tag\" value=\"wpcf7-f5377-o2\" \/>\n<input type=\"hidden\" name=\"_wpcf7_container_post\" value=\"0\" \/>\n<input type=\"hidden\" name=\"_wpcf7_posted_data_hash\" value=\"\" \/>\n<\/div>\n<div class=\"cstheme_contactform_type5 line-h-normal\">\n\t<div class=\"row\">\n\t\t<div class=\"col-sm-6\">\n\t\t\t<h3>Wedding date:\n\t\t\t<\/h3>\n\t\t\t<p><span class=\"wpcf7-form-control-wrap\" data-name=\"datum\"><input size=\"40\" class=\"wpcf7-form-control wpcf7-text wpcf7-validates-as-required vyber-datum\" readonly=\"readonly\" aria-required=\"true\" aria-invalid=\"false\" value=\"\" type=\"text\" name=\"datum\" \/><\/span>\n\t\t\t<\/p>\n\t\t<\/div>\n\t\t<div class=\"col-sm-6\">\n\t\t\t<h3>E-mail:\n\t\t\t<\/h3>\n\t\t\t<p><span class=\"wpcf7-form-control-wrap\" data-name=\"email\"><input size=\"40\" class=\"wpcf7-form-control wpcf7-email wpcf7-validates-as-required wpcf7-text wpcf7-validates-as-email\" aria-required=\"true\" aria-invalid=\"false\" value=\"\" type=\"email\" name=\"email\" \/><\/span>\n\t\t\t<\/p>\n\t\t<\/div>\n\t\t<div class=\"col-sm-6\">\n\t\t\t<h3>Bride's full name:\n\t\t\t<\/h3>\n\t\t\t<p><span class=\"wpcf7-form-control-wrap\" data-name=\"nevesta\"><input size=\"40\" class=\"wpcf7-form-control wpcf7-text wpcf7-validates-as-required\" aria-required=\"true\" aria-invalid=\"false\" value=\"\" type=\"text\" name=\"nevesta\" \/><\/span>\n\t\t\t<\/p>\n\t\t<\/div>\n\t\t<div class=\"col-sm-6\">\n\t\t\t<h3>Bride's phone number:\n\t\t\t<\/h3>\n\t\t\t<p><span class=\"wpcf7-form-control-wrap\" data-name=\"nevesta_tel\"><input size=\"40\" class=\"wpcf7-form-control wpcf7-text wpcf7-validates-as-required\" aria-required=\"true\" aria-invalid=\"false\" value=\"\" type=\"text\" name=\"nevesta_tel\" \/><\/span>\n\t\t\t<\/p>\n\t\t<\/div>\n\t\t<div class=\"col-sm-6\">\n\t\t\t<h3>Groom's full name:\n\t\t\t<\/h3>\n\t\t\t<p><span class=\"wpcf7-form-control-wrap\" data-name=\"zenich\"><input size=\"40\" class=\"wpcf7-form-control wpcf7-text wpcf7-validates-as-required\" aria-required=\"true\" aria-invalid=\"false\" value=\"\" type=\"text\" name=\"zenich\" \/><\/span>\n\t\t\t<\/p>\n\t\t<\/div>\n\t\t<div class=\"col-sm-6\">\n\t\t\t<h3>Groom's number:\n\t\t\t<\/h3>\n\t\t\t<p><span class=\"wpcf7-form-control-wrap\" data-name=\"zecnich_tel\"><input size=\"40\" class=\"wpcf7-form-control wpcf7-text wpcf7-validates-as-required\" aria-required=\"true\" aria-invalid=\"false\" value=\"\" type=\"text\" name=\"zecnich_tel\" \/><\/span>\n\t\t\t<\/p>\n\t\t<\/div>\n\t<\/div>\n\t<h2>Getting ready\n\t<\/h2>\n\t<div class=\"row obrad-boxy\">\n\t\t<div class=\"col-sm-6\">\n\t\t\t<h3>Address where the bride will be getting ready? (and the time):\n\t\t\t<\/h3>\n\t\t\t<p><span class=\"wpcf7-form-control-wrap\" data-name=\"adresa_nevesta\"><input size=\"40\" class=\"wpcf7-form-control wpcf7-text\" aria-invalid=\"false\" value=\"\" type=\"text\" name=\"adresa_nevesta\" \/><\/span>\n\t\t\t<\/p>\n\t\t<\/div>\n\t\t<div class=\"col-sm-6\">\n\t\t\t<h3>Address where the groom will be getting ready? (and the time):\n\t\t\t<\/h3>\n\t\t\t<p><span class=\"wpcf7-form-control-wrap\" data-name=\"adresa_zenich\"><input size=\"40\" class=\"wpcf7-form-control wpcf7-text\" aria-invalid=\"false\" value=\"\" type=\"text\" name=\"adresa_zenich\" \/><\/span>\n\t\t\t<\/p>\n\t\t<\/div>\n\t\t<div class=\"col-sm-6\">\n\t\t\t<h3>Are you gonna change love letters?\n\t\t\t<\/h3>\n\t\t\t<p><span class=\"wpcf7-form-control-wrap\" data-name=\"dopis\"><select class=\"wpcf7-form-control wpcf7-select wpcf7-validates-as-required\" aria-required=\"true\" aria-invalid=\"false\" name=\"dopis\"><option value=\"\">Choose answer<\/option><option value=\"Yes\">Yes<\/option><option value=\"No\">No<\/option><\/select><\/span>\n\t\t\t<\/p>\n\t\t<\/div>\n\t<\/div>\n\t<h2>Ceremony\n\t<\/h2>\n\t<div class=\"row obrad-boxy\">\n\t\t<div class=\"col-sm-6\">\n\t\t\t<h3>Address of the place where the wedding ceremony if going to take place (and the time):\n\t\t\t<\/h3>\n\t\t\t<p><span class=\"wpcf7-form-control-wrap\" data-name=\"adresa_obrad\"><input size=\"40\" class=\"wpcf7-form-control wpcf7-text\" aria-invalid=\"false\" value=\"\" type=\"text\" name=\"adresa_obrad\" \/><\/span>\n\t\t\t<\/p>\n\t\t<\/div>\n\t\t<div class=\"col-sm-6\">\n\t\t\t<h3>How many guests do you expect to attend the ceremony?\n\t\t\t<\/h3>\n\t\t\t<p><span class=\"wpcf7-form-control-wrap\" data-name=\"hoste\"><input size=\"40\" class=\"wpcf7-form-control wpcf7-text\" aria-invalid=\"false\" value=\"\" type=\"text\" name=\"hoste\" \/><\/span>\n\t\t\t<\/p>\n\t\t<\/div>\n\t\t<div class=\"col-sm-6\">\n\t\t\t<h3>Which kind of ceremony do you plan?\n\t\t\t<\/h3>\n\t\t\t<p><span class=\"wpcf7-form-control-wrap\" data-name=\"druh_obrad\"><select class=\"wpcf7-form-control wpcf7-select\" aria-invalid=\"false\" name=\"druh_obrad\"><option value=\"\">Choose answer<\/option><option value=\"civil\">civil<\/option><option value=\"religious\">religious<\/option><\/select><\/span>\n\t\t\t<\/p>\n\t\t<\/div>\n\t\t<div class=\"col-sm-6\">\n\t\t\t<h3>Will be there any vow?\n\t\t\t<\/h3>\n\t\t\t<p><span class=\"wpcf7-form-control-wrap\" data-name=\"sliby\"><select class=\"wpcf7-form-control wpcf7-select wpcf7-validates-as-required\" aria-required=\"true\" aria-invalid=\"false\" name=\"sliby\"><option value=\"\">Choose answer<\/option><option value=\"Yes\">Yes<\/option><option value=\"No\">No<\/option><\/select><\/span>\n\t\t\t<\/p>\n\t\t<\/div>\n\t\t<div class=\"col-sm-6\">\n\t\t\t<h3>Will you see each other before the ceremony?\n\t\t\t<\/h3>\n\t\t\t<p><span class=\"wpcf7-form-control-wrap\" data-name=\"uvidite_se\"><select class=\"wpcf7-form-control wpcf7-select wpcf7-validates-as-required\" aria-required=\"true\" aria-invalid=\"false\" name=\"uvidite_se\"><option value=\"\">Choose answer<\/option><option value=\"Yes\">Yes<\/option><option value=\"No\">No<\/option><\/select><\/span>\n\t\t\t<\/p>\n\t\t<\/div>\n\t\t<div class=\"col-sm-6\">\n\t\t\t<h3>The venue where the ceremony is going to take place (exterior\/interior, basic description, link, etc)\n\t\t\t<\/h3>\n\t\t\t<p><span class=\"wpcf7-form-control-wrap\" data-name=\"misto_obrad\"><input size=\"40\" class=\"wpcf7-form-control wpcf7-text\" aria-invalid=\"false\" value=\"\" type=\"text\" name=\"misto_obrad\" \/><\/span>\n\t\t\t<\/p>\n\t\t<\/div>\n\t\t<div class=\"col-sm-6\">\n\t\t\t<h3>Is there anything else we should know about the ceremony?\n\t\t\t<\/h3>\n\t\t\t<p><span class=\"wpcf7-form-control-wrap\" data-name=\"info_obrad\"><input size=\"40\" class=\"wpcf7-form-control wpcf7-text\" aria-invalid=\"false\" value=\"\" type=\"text\" name=\"info_obrad\" \/><\/span>\n\t\t\t<\/p>\n\t\t<\/div>\n\t<\/div>\n\t<h2>Reception\n\t<\/h2>\n\t<div class=\"row\">\n\t\t<div class=\"col-sm-6\">\n\t\t\t<h3>Address & time of the wedding reception:\n\t\t\t<\/h3>\n\t\t\t<p><span class=\"wpcf7-form-control-wrap\" data-name=\"adresa_hostina\"><input size=\"40\" class=\"wpcf7-form-control wpcf7-text\" aria-invalid=\"false\" value=\"\" type=\"text\" name=\"adresa_hostina\" \/><\/span>\n\t\t\t<\/p>\n\t\t<\/div>\n\t\t<div class=\"col-sm-6\">\n\t\t\t<h3>How many guests do you expect to attend the reception\/party?\n\t\t\t<\/h3>\n\t\t\t<p><span class=\"wpcf7-form-control-wrap\" data-name=\"dalsi_hoste\"><input size=\"40\" class=\"wpcf7-form-control wpcf7-text\" aria-invalid=\"false\" value=\"\" type=\"text\" name=\"dalsi_hoste\" \/><\/span>\n\t\t\t<\/p>\n\t\t<\/div>\n\t\t<div class=\"col-sm-6\">\n\t\t\t<h3>Do you plan to shoot wedding portraits? When and for how long? (we usually recommend photo-shooting in the late afternoon - better light conditions)\n\t\t\t<\/h3>\n\t\t\t<p><span class=\"wpcf7-form-control-wrap\" data-name=\"fotenie_portret\"><input size=\"40\" class=\"wpcf7-form-control wpcf7-text\" aria-invalid=\"false\" value=\"\" type=\"text\" name=\"fotenie_portret\" \/><\/span>\n\t\t\t<\/p>\n\t\t<\/div>\n\t\t<div class=\"col-sm-6\">\n\t\t\t<h3>Any interesting locations nearby?\n\t\t\t<\/h3>\n\t\t\t<p><span class=\"wpcf7-form-control-wrap\" data-name=\"zaujimava_mista\"><input size=\"40\" class=\"wpcf7-form-control wpcf7-text\" aria-invalid=\"false\" value=\"\" type=\"text\" name=\"zaujimava_mista\" \/><\/span>\n\t\t\t<\/p>\n\t\t<\/div>\n\t<\/div>\n\t<h2>Activities\n\t<\/h2>\n\t<div class=\"row\">\n\t\t<div class=\"col-sm-12 obrad-boxy\">\n\t\t\t<h3>Do you plan any of the following activities?\n\t\t\t<\/h3>\n\t\t\t<p><span class=\"wpcf7-form-control-wrap\" data-name=\"tradice\"><span class=\"wpcf7-form-control wpcf7-checkbox\"><span class=\"wpcf7-list-item first\"><label><input type=\"checkbox\" name=\"tradice[]\" value=\"blessings from the parents before the ceremony\" \/><span class=\"wpcf7-list-item-label\">blessings from the parents before the ceremony<\/span><\/label><\/span><span class=\"wpcf7-list-item\"><label><input type=\"checkbox\" name=\"tradice[]\" value=\"motorcade\" \/><span class=\"wpcf7-list-item-label\">motorcade<\/span><\/label><\/span><span class=\"wpcf7-list-item\"><label><input type=\"checkbox\" name=\"tradice[]\" value=\"plate smashing\" \/><span class=\"wpcf7-list-item-label\">plate smashing<\/span><\/label><\/span><span class=\"wpcf7-list-item\"><label><input type=\"checkbox\" name=\"tradice[]\" value=\"eating soup together using one spoon\" \/><span class=\"wpcf7-list-item-label\">eating soup together using one spoon<\/span><\/label><\/span><span class=\"wpcf7-list-item\"><label><input type=\"checkbox\" name=\"tradice[]\" value=\"cutting the cake\" \/><span class=\"wpcf7-list-item-label\">cutting the cake<\/span><\/label><\/span><span class=\"wpcf7-list-item\"><label><input type=\"checkbox\" name=\"tradice[]\" value=\"letting go of balloons \/ lanterns\" \/><span class=\"wpcf7-list-item-label\">letting go of balloons \/ lanterns<\/span><\/label><\/span><span class=\"wpcf7-list-item\"><label><input type=\"checkbox\" name=\"tradice[]\" value=\"bouquet throwing\" \/><span class=\"wpcf7-list-item-label\">bouquet throwing<\/span><\/label><\/span><span class=\"wpcf7-list-item\"><label><input type=\"checkbox\" name=\"tradice[]\" value=\"first dance\" \/><span class=\"wpcf7-list-item-label\">first dance<\/span><\/label><\/span><span class=\"wpcf7-list-item\"><label><input type=\"checkbox\" name=\"tradice[]\" value=\"Fireworks\" \/><span class=\"wpcf7-list-item-label\">Fireworks<\/span><\/label><\/span><span class=\"wpcf7-list-item\"><label><input type=\"checkbox\" name=\"tradice[]\" value=\"Fire show\" \/><span class=\"wpcf7-list-item-label\">Fire show<\/span><\/label><\/span><span class=\"wpcf7-list-item last\"><label><input type=\"checkbox\" name=\"tradice[]\" value=\"Traditional wedding games\" \/><span class=\"wpcf7-list-item-label\">Traditional wedding games<\/span><\/label><\/span><\/span><\/span>\n\t\t\t<\/p>\n\t\t<\/div>\n\t\t<div class=\"col-sm-12\">\n\t\t\t<h3>Do you plan anything else?\n\t\t\t<\/h3>\n\t\t\t<p><span class=\"wpcf7-form-control-wrap\" data-name=\"tradice_dalsi\"><input size=\"40\" class=\"wpcf7-form-control wpcf7-text\" aria-invalid=\"false\" value=\"\" type=\"text\" name=\"tradice_dalsi\" \/><\/span>\n\t\t\t<\/p>\n\t\t<\/div>\n\t<\/div>\n\t<h2>Wedding Suppliers\n\t<\/h2>\n\t<div class=\"row\">\n\t\t<div class=\"col-sm-6\">\n\t\t\t<h3>Organisation\/coordinator (name, web, phone):\n\t\t\t<\/h3>\n\t\t\t<p><span class=\"wpcf7-form-control-wrap\" data-name=\"koordinace\"><input size=\"40\" class=\"wpcf7-form-control wpcf7-text\" aria-invalid=\"false\" value=\"\" type=\"text\" name=\"koordinace\" \/><\/span>\n\t\t\t<\/p>\n\t\t<\/div>\n\t\t<div class=\"col-sm-6\">\n\t\t\t<h3>Photographer (name, web):\n\t\t\t<\/h3>\n\t\t\t<p><span class=\"wpcf7-form-control-wrap\" data-name=\"fotograf\"><input size=\"40\" class=\"wpcf7-form-control wpcf7-text\" aria-invalid=\"false\" value=\"\" type=\"text\" name=\"fotograf\" \/><\/span>\n\t\t\t<\/p>\n\t\t<\/div>\n\t\t<div class=\"col-sm-6\">\n\t\t\t<h3>Make-Up\/Hair stylist (name, web):\n\t\t\t<\/h3>\n\t\t\t<p><span class=\"wpcf7-form-control-wrap\" data-name=\"makeup\"><input size=\"40\" class=\"wpcf7-form-control wpcf7-text\" aria-invalid=\"false\" value=\"\" type=\"text\" name=\"makeup\" \/><\/span>\n\t\t\t<\/p>\n\t\t<\/div>\n\t\t<div class=\"col-sm-6\">\n\t\t\t<h3>Live band\/DJ (name, web):\n\t\t\t<\/h3>\n\t\t\t<p><span class=\"wpcf7-form-control-wrap\" data-name=\"dj\"><input size=\"40\" class=\"wpcf7-form-control wpcf7-text\" aria-invalid=\"false\" value=\"\" type=\"text\" name=\"dj\" \/><\/span>\n\t\t\t<\/p>\n\t\t<\/div>\n\t\t<div class=\"col-sm-6\">\n\t\t\t<h3>Flowers\/Decoration (name, web):\n\t\t\t<\/h3>\n\t\t\t<p><span class=\"wpcf7-form-control-wrap\" data-name=\"vyzdoba\"><input size=\"40\" class=\"wpcf7-form-control wpcf7-text\" aria-invalid=\"false\" value=\"\" type=\"text\" name=\"vyzdoba\" \/><\/span>\n\t\t\t<\/p>\n\t\t<\/div>\n\t\t<div class=\"col-sm-6\">\n\t\t\t<h3>Cakes (name, web):\n\t\t\t<\/h3>\n\t\t\t<p><span class=\"wpcf7-form-control-wrap\" data-name=\"candy\"><input size=\"40\" class=\"wpcf7-form-control wpcf7-text\" aria-invalid=\"false\" value=\"\" type=\"text\" name=\"candy\" \/><\/span>\n\t\t\t<\/p>\n\t\t<\/div>\n\t<\/div>\n\t<h2>Final film\n\t<\/h2>\n\t<div class=\"row\">\n\t\t<div class=\"col-sm-6\">\n\t\t\t<h3>Do you have any special requirements for the final video?\n\t\t\t<\/h3>\n\t\t\t<p><span class=\"wpcf7-form-control-wrap\" data-name=\"video\"><input size=\"40\" class=\"wpcf7-form-control wpcf7-text\" aria-invalid=\"false\" value=\"\" type=\"text\" name=\"video\" \/><\/span>\n\t\t\t<\/p>\n\t\t<\/div>\n\t\t<div class=\"col-sm-6\">\n\t\t\t<h3>Which video of mine took your attention?\n\t\t\t<\/h3>\n\t\t\t<p><span class=\"wpcf7-form-control-wrap\" data-name=\"video_inspirace\"><input size=\"40\" class=\"wpcf7-form-control wpcf7-text\" aria-invalid=\"false\" value=\"\" type=\"text\" name=\"video_inspirace\" \/><\/span>\n\t\t\t<\/p>\n\t\t<\/div>\n\t\t<div class=\"col-sm-6\">\n\t\t\t<h3>What form of clip processing do you prefer?\n\t\t\t<\/h3>\n\t\t\t<p><span class=\"wpcf7-form-control-wrap\" data-name=\"zpracovani\"><select class=\"wpcf7-form-control wpcf7-select wpcf7-validates-as-required\" aria-required=\"true\" aria-invalid=\"false\" name=\"zpracovani\"><option value=\"\">Choose answer<\/option><option value=\"Still - slower cuts\">Still - slower cuts<\/option><option value=\"Dynamic \u2013 faster cuts\">Dynamic \u2013 faster cuts<\/option><\/select><\/span>\n\t\t\t<\/p>\n\t\t<\/div>\n\t\t<div class=\"col-sm-6\">\n\t\t\t<h3>Postprocessing of clip\n\t\t\t<\/h3>\n\t\t\t<p><span class=\"wpcf7-form-control-wrap\" data-name=\"produkcia\"><select class=\"wpcf7-form-control wpcf7-select wpcf7-validates-as-required\" aria-required=\"true\" aria-invalid=\"false\" name=\"produkcia\"><option value=\"\">Vyberte ze seznamu<\/option><option value=\"With voiceover\">With voiceover<\/option><option value=\"Without voiceover\">Without voiceover<\/option><\/select><\/span>\n\t\t\t<\/p>\n\t\t<\/div>\n\t\t<div class=\"col-sm-12\">\n\t\t\t<h3>Is there anything we should know and haven't ask?\n\t\t\t<\/h3>\n\t\t\t<p><span class=\"wpcf7-form-control-wrap\" data-name=\"otazky\"><input size=\"40\" class=\"wpcf7-form-control wpcf7-text\" aria-invalid=\"false\" value=\"\" type=\"text\" name=\"otazky\" \/><\/span>\n\t\t\t<\/p>\n\t\t<\/div>\n\t<\/div>\n\t<div class=\"row\">\n\t\t<div class=\"col-sm-12 obrad-boxy\">\n\t\t\t<h3>What music do you prefer for a wedding clip?\n\t\t\t<\/h3>\n\t\t\t<p><span class=\"wpcf7-form-control-wrap\" data-name=\"hudba\"><span class=\"wpcf7-form-control wpcf7-checkbox\"><span class=\"wpcf7-list-item first\"><label><input type=\"checkbox\" name=\"hudba[]\" value=\"Instrumental\" \/><span class=\"wpcf7-list-item-label\">Instrumental<\/span><\/label><\/span><span class=\"wpcf7-list-item\"><label><input type=\"checkbox\" name=\"hudba[]\" value=\"Classic\" \/><span class=\"wpcf7-list-item-label\">Classic<\/span><\/label><\/span><span class=\"wpcf7-list-item\"><label><input type=\"checkbox\" name=\"hudba[]\" value=\"Romantic\" \/><span class=\"wpcf7-list-item-label\">Romantic<\/span><\/label><\/span><span class=\"wpcf7-list-item\"><label><input type=\"checkbox\" name=\"hudba[]\" value=\"Pop\" \/><span class=\"wpcf7-list-item-label\">Pop<\/span><\/label><\/span><span class=\"wpcf7-list-item\"><label><input type=\"checkbox\" name=\"hudba[]\" value=\"Jazz\" \/><span class=\"wpcf7-list-item-label\">Jazz<\/span><\/label><\/span><span class=\"wpcf7-list-item\"><label><input type=\"checkbox\" name=\"hudba[]\" value=\"World\" \/><span class=\"wpcf7-list-item-label\">World<\/span><\/label><\/span><span class=\"wpcf7-list-item last\"><label><input type=\"checkbox\" name=\"hudba[]\" value=\"Movie\" \/><span class=\"wpcf7-list-item-label\">Movie<\/span><\/label><\/span><\/span><\/span>\n\t\t\t<\/p>\n\t\t<\/div>\n\t<\/div>\n\t<div class=\"row\">\n\t\t<div class=\"col-sm-12 obrad-boxy\">\n\t\t\t<h3>Something about you (how you met, where, shared interests, what you love about each other)\n\t\t\t<\/h3>\n\t\t\t<p><span class=\"wpcf7-form-control-wrap\" data-name=\"ovas\"><textarea cols=\"40\" rows=\"2\" class=\"wpcf7-form-control wpcf7-textarea\" aria-invalid=\"false\" name=\"ovas\"><\/textarea><\/span>\n\t\t\t<\/p>\n\t\t<\/div>\n\t<\/div>\n<div class=\"wpcf7-response-output\" aria-hidden=\"true\"><\/div>\n\t<div class=\"row\">\n\t\t<div class=\"col-sm-12 center\">\n\t\t\t<p><input class=\"wpcf7-form-control wpcf7-submit has-spinner\" type=\"submit\" value=\"Send\" \/>\n\t\t\t<\/p>\n\t\t<\/div>\n\t<\/div>\n<\/div>\n<p><script>\njQuery(function($) {\nvar dateToday = new Date(); \n$(function() {\n $( \".vyber-datum\" ).datepicker({\n minDate: dateToday,\n\tdateFormat: \"dd.mm.yy\"\n });\n});\n});\n <\/script>\n<\/p>\n<style>\nform h2 {\n margin-top: 45px;\n}\n<\/style><p style=\"display: none !important;\" class=\"akismet-fields-container\" data-prefix=\"_wpcf7_ak_\"><label>&#916;<textarea name=\"_wpcf7_ak_hp_textarea\" cols=\"45\" rows=\"8\" maxlength=\"100\"><\/textarea><\/label><input type=\"hidden\" id=\"ak_js_2\" name=\"_wpcf7_ak_js\" value=\"126\"\/><script>document.getElementById( \"ak_js_2\" ).setAttribute( \"value\", ( new Date() ).getTime() );<\/script><\/p><input type='hidden' class='wpcf7-pum' value='{\"closepopup\":false,\"closedelay\":0,\"openpopup\":false,\"openpopup_id\":0}' \/>\n<\/form>\n<\/div>\n\t\t<\/div><\/div>[\/vc_column][\/vc_row]<\/p>","protected":false},"excerpt":{"rendered":"<p>[vc_row][vc_column][vc_column_text][\/vc_column_text][\/vc_column][\/vc_row][vc_row css=&#8221;.vc_custom_1518534479752{margin-top: 0px !important;margin-bottom: 0px !important;padding-top: 0px !important;padding-bottom: 20px !important;}&#8221;][vc_column width=&#8221;1\/4&#8243;][\/vc_column][vc_column width=&#8221;2\/4&#8243;][vc_column_text el_class=&#8221;spacing&#8221;] QUESTIONNAIRE FOR THE NEWLYWEDS Information that I will need from you for filming your wedding day [\/vc_column_text][\/vc_column][vc_column width=&#8221;1\/4&#8243;][\/vc_column][\/vc_row][vc_row css=&#8221;.vc_custom_1644059898142{margin-top: 0px !important;margin-bottom: 0px !important;}&#8221;][vc_column el_id=&#8221;popmake-1211&#8243;][\/vc_column][\/vc_row]<\/p>\n","protected":false},"author":1,"featured_media":0,"parent":0,"menu_order":0,"comment_status":"closed","ping_status":"closed","template":"","meta":[],"aioseo_notices":[],"_links":{"self":[{"href":"https:\/\/www.marekhorava.cz\/en\/wp-json\/wp\/v2\/pages\/5348"}],"collection":[{"href":"https:\/\/www.marekhorava.cz\/en\/wp-json\/wp\/v2\/pages"}],"about":[{"href":"https:\/\/www.marekhorava.cz\/en\/wp-json\/wp\/v2\/types\/page"}],"author":[{"embeddable":true,"href":"https:\/\/www.marekhorava.cz\/en\/wp-json\/wp\/v2\/users\/1"}],"replies":[{"embeddable":true,"href":"https:\/\/www.marekhorava.cz\/en\/wp-json\/wp\/v2\/comments?post=5348"}],"version-history":[{"count":12,"href":"https:\/\/www.marekhorava.cz\/en\/wp-json\/wp\/v2\/pages\/5348\/revisions"}],"predecessor-version":[{"id":5391,"href":"https:\/\/www.marekhorava.cz\/en\/wp-json\/wp\/v2\/pages\/5348\/revisions\/5391"}],"wp:attachment":[{"href":"https:\/\/www.marekhorava.cz\/en\/wp-json\/wp\/v2\/media?parent=5348"}],"curies":[{"name":"wp","href":"https:\/\/api.w.org\/{rel}","templated":true}]}}